{"id":4082,"date":"2018-04-11T14:30:00","date_gmt":"2018-04-11T20:30:00","guid":{"rendered":"http:\/\/latinatek.com.mx\/index.php\/nosotros\/"},"modified":"2024-03-01T15:53:06","modified_gmt":"2024-03-01T21:53:06","slug":"nosotros","status":"publish","type":"page","link":"https:\/\/latinatek.com.mx\/website\/nosotros\/","title":{"rendered":"Nosotros"},"content":{"rendered":"<div id='av_section_1'  class='avia-section main_color avia-section-default avia-no-shadow av-parallax-section avia-bg-style-parallax  avia-builder-el-0  el_before_av_heading  avia-builder-el-first   container_wrap sidebar_right' style=' '  data-section-bg-repeat='no-repeat'><div class='av-parallax' data-avia-parallax-ratio='0.3' ><div class='av-parallax-inner main_color  avia-full-stretch' style = 'background-repeat: no-repeat; background-image: url(https:\/\/latinatek.com.mx\/website\/wp-content\/uploads\/2019\/10\/lamina-textura-1500x750.jpg);background-attachment: scroll; background-position: top left; ' ><\/div><\/div><div class='container' ><main  role=\"main\" itemprop=\"mainContentOfPage\"  class='template-page content  av-content-small alpha units'><div class='post-entry post-entry-type-page post-entry-4082'><div class='entry-content-wrapper clearfix'>\n<div class=\"flex_column av_two_third  flex_column_div av-zero-column-padding first  avia-builder-el-1  el_before_av_one_fourth  avia-builder-el-first  \" style='border-radius:0px; '><section class=\"av_textblock_section \"  itemscope=\"itemscope\" itemtype=\"https:\/\/schema.org\/CreativeWork\" ><div class='avia_textblock  '  style='font-size:16px; '  itemprop=\"text\" ><p>Nuestra misi\u00f3n es ayudar a los empresarios de todo M\u00e9xico a hacer crecer su negocio, mejorar su producci\u00f3n y ganancias cambiando sus m\u00e1quinas viejas y menos confiables por m\u00e1quinas nuevas, de alta calidad, r\u00e1pidas, seguras y confiables a trav\u00e9s de planes muy atractivos de financiamiento y arrendamiento.<\/p>\n<p>Utilizando a\u00f1os de experiencia en manufactura, asesoramos a los empresarios para incrementar su productividad, con nuevas tecnolog\u00edas y bajar costos y mejorar su flujo de efectivo.<\/p>\n<\/div><\/section><\/div><div class=\"flex_column av_one_fourth  flex_column_div av-zero-column-padding   avia-builder-el-3  el_after_av_two_third  avia-builder-el-last  \" style='border-radius:0px; '><div  class='avia-image-container avia_animated_image avia_animate_when_almost_visible fade-in av-styling-    avia-builder-el-4  avia-builder-el-no-sibling  avia-align-center '  itemprop=\"image\" itemscope=\"itemscope\" itemtype=\"https:\/\/schema.org\/ImageObject\"  ><div class='avia-image-container-inner'><div class='avia-image-overlay-wrap'><img class='avia_image' src='https:\/\/latinatek.com.mx\/website\/wp-content\/uploads\/2019\/10\/LogoLTK-3D-300x300.png' alt='LTK logo' title='LTK logo' height=\"300\" width=\"300\"  itemprop=\"thumbnailUrl\"  \/><\/div><\/div><\/div><\/div>\n<\/div><\/div><\/main><!-- close content main element --><\/div><\/div><div id='after_section_1'  class='main_color av_default_container_wrap container_wrap sidebar_right' style=' '  ><div class='container' ><div class='template-page content  av-content-small alpha units'><div class='post-entry post-entry-type-page post-entry-4082'><div class='entry-content-wrapper clearfix'>\n<div  style='padding-bottom:10px; color:#666666;font-size:3.5vw;' class='av-special-heading av-special-heading-h4 custom-color-heading blockquote modern-quote  avia-builder-el-5  el_after_av_section  el_before_av_two_fifth  avia-builder-el-first  av-inherit-size '><h4 class='av-special-heading-tag '  itemprop=\"headline\"  >Historia<\/h4><div class='special-heading-border'><div class='special-heading-inner-border' style='border-color:#666666'><\/div><\/div><\/div>\n<div class=\"flex_column av_two_fifth  flex_column_div first  avia-builder-el-6  el_after_av_heading  el_before_av_three_fifth  \" ><div  class='avia-image-container  av-styling-    avia-builder-el-7  avia-builder-el-no-sibling  avia-align- '  itemprop=\"image\" itemscope=\"itemscope\" itemtype=\"https:\/\/schema.org\/ImageObject\"  ><div class='avia-image-container-inner'><div class='avia-image-overlay-wrap'><img class='avia_image' src='https:\/\/latinatek.com.mx\/website\/wp-content\/uploads\/2013\/04\/latinatek-facilities-495x400.jpg' alt='Latinatek\u00b4s facilities' title='Latinatek\u00b4s facilities' height=\"400\" width=\"495\"  itemprop=\"thumbnailUrl\"  \/><\/div><\/div><\/div><\/div>\n<div class=\"flex_column av_three_fifth  flex_column_div av-zero-column-padding   avia-builder-el-8  el_after_av_two_fifth  el_before_av_textblock  \" style='border-radius:0px; '><section class=\"av_textblock_section \"  itemscope=\"itemscope\" itemtype=\"https:\/\/schema.org\/CreativeWork\" ><div class='avia_textblock  '   itemprop=\"text\" ><p><strong>Latinatek<\/strong> es una empresa creada en 2013 para apoyar a empresas mexicanas, en el negocio de estampado de metales. Nuestra mision es proveer de maquinaria de tecnologia con precios realmente competitivos, lo que nos convierte en una excelente opcion para las PYMES.<\/p>\n<p>Nuestro enfoque principal es ayudar empresarios a crecer su negocio, ya que la industria manufacturera en general est\u00e1 creciendo en todo el mundo y M\u00e9xico no es la excepci\u00f3n.<\/p>\n<p>Durante los \u00faltimos 10 a\u00f1os hemos ayudado a nuestros clientes a adquirir nuevas prensas y servo-alimentadores para reemplazar sus m\u00e1quinas viejas y cada vez menos eficientes que han estado utilizando durante los \u00faltimos 20 a\u00f1os. Importamos equipo de buena calidad que puede ver en nuestro <strong>showroom<\/strong>, con disponibilidad para entrega inmediata, renta o arrendamiento a todos nuestros clientes.<\/p>\n<p>A medida que las nuevas plantas de ensamble automotriz y de electrodom\u00e9sticos est\u00e1n iniciando su producci\u00f3n en todo M\u00e9xico, est\u00e1n exigiendo una mejor calidad y entrega oportuna de sus proveedores de la cadena de suministro.<\/p>\n<\/div><\/section><\/div>\n<section class=\"av_textblock_section \"  itemscope=\"itemscope\" itemtype=\"https:\/\/schema.org\/CreativeWork\" ><div class='avia_textblock  '   itemprop=\"text\" ><p>Tenemos en stock una gama de prensas de diversos tonelajes, servo-alimentadores de bobina y otros equipos para entrega r\u00e1pida.<\/p>\n<p>En el \u00e1rea de estampado tenemos capacidades importantes con la que podemos y somos capaces de competir con grandes manufactureras. En esta nueva aventura estamos dando muy buenos resultados desde 2019. <strong>Si tiene piezas met\u00e1licas para estampar en el baj\u00edo somos su opci\u00f3n.<\/strong><\/p>\n<\/div><\/section>\n<div class=\"flex_column av_three_fourth  flex_column_div av-zero-column-padding first  avia-builder-el-11  el_after_av_textblock  el_before_av_one_fourth  column-top-margin\" style='border-radius:0px; '><p><div  style='padding-bottom:10px; color:#666666;font-size:3.5vw;' class='av-special-heading av-special-heading-h4 custom-color-heading blockquote modern-quote  avia-builder-el-12  el_before_av_textblock  avia-builder-el-first  av-inherit-size '><h4 class='av-special-heading-tag '  itemprop=\"headline\"  >Ubicaci\u00f3n<\/h4><div class='special-heading-border'><div class='special-heading-inner-border' style='border-color:#666666'><\/div><\/div><\/div><br \/>\n<section class=\"av_textblock_section \"  itemscope=\"itemscope\" itemtype=\"https:\/\/schema.org\/CreativeWork\" ><div class='avia_textblock  '   itemprop=\"text\" ><p>Estamos estrat\u00e9gicamente ubicados en la ciudad de Quer\u00e9taro en el centro del pa\u00eds, de esta manera podemos atender las necesidades de clientes de toda la rep\u00fablica. Nuestra red de ventas abarca el Norte (Monterrey, Saltillo, Tijuana, Laredo, etc) Centro (CDMX, Guanajuato, Quer\u00e9taro, Puebla, Aguascalientes, Michoacan, Hidalgo) sin embargo podemos ir a cualquier rinc\u00f3n del mundo.<\/p>\n<\/div><\/section><\/p><\/div>\n<div class=\"flex_column av_one_fourth  flex_column_div av-zero-column-padding   avia-builder-el-14  el_after_av_three_fourth  el_before_av_one_fourth  column-top-margin\" style='border-radius:0px; '><div  class='avia-image-container  av-styling-    avia-builder-el-15  avia-builder-el-no-sibling  avia-align-left '  itemprop=\"image\" itemscope=\"itemscope\" itemtype=\"https:\/\/schema.org\/ImageObject\"  ><div class='avia-image-container-inner'><div class='avia-image-overlay-wrap'><img class='avia_image' src='https:\/\/latinatek.com.mx\/website\/wp-content\/uploads\/2023\/05\/qro.jpg' alt='' title='qro' height=\"337\" width=\"532\"  itemprop=\"thumbnailUrl\"  \/><\/div><\/div><\/div><\/div>\n<div class=\"flex_column av_one_fourth  flex_column_div av-zero-column-padding first  avia-builder-el-16  el_after_av_one_fourth  el_before_av_three_fourth  column-top-margin\" style='border-radius:0px; '><p><div  class='avia-image-container  av-styling-    avia-builder-el-17  el_before_av_image  avia-builder-el-first  avia-align-center '  itemprop=\"image\" itemscope=\"itemscope\" itemtype=\"https:\/\/schema.org\/ImageObject\"  ><div class='avia-image-container-inner'><div class='avia-image-overlay-wrap'><a href='https:\/\/latinatek.com.mx\/website\/iso9001\/' class='avia_image'  ><img class='avia_image ' src='https:\/\/latinatek.com.mx\/website\/wp-content\/uploads\/2023\/08\/1280px-HD_transparent_picture-80x80.png' alt='' title='1280px-HD_transparent_picture'  itemprop=\"thumbnailUrl\"  \/><\/a><\/div><\/div><\/div><br \/>\n<div  class='avia-image-container  av-styling-    avia-builder-el-18  el_after_av_image  avia-builder-el-last  avia-align- '  itemprop=\"image\" itemscope=\"itemscope\" itemtype=\"https:\/\/schema.org\/ImageObject\"  ><div class='avia-image-container-inner'><div class='avia-image-overlay-wrap'><img class='avia_image' src='https:\/\/latinatek.com.mx\/website\/wp-content\/uploads\/2024\/03\/phones-scaled.jpg' alt='' title='phones' height=\"1707\" width=\"2560\"  itemprop=\"thumbnailUrl\"  \/><\/div><\/div><\/div><\/p><\/div><div class=\"flex_column av_three_fourth  flex_column_div av-zero-column-padding   avia-builder-el-19  el_after_av_one_fourth  el_before_av_one_half  column-top-margin\" style='border-radius:0px; '><p><div  style='padding-bottom:10px; color:#666666;font-size:3vw;' class='av-special-heading av-special-heading-h4 custom-color-heading blockquote modern-quote  avia-builder-el-20  el_before_av_textblock  avia-builder-el-first  av-inherit-size '><h4 class='av-special-heading-tag '  itemprop=\"headline\"  >Para fabricantes y exportadores internacionales de maquinaria<\/h4><div class='special-heading-border'><div class='special-heading-inner-border' style='border-color:#666666'><\/div><\/div><\/div><br \/>\n<section class=\"av_textblock_section \"  itemscope=\"itemscope\" itemtype=\"https:\/\/schema.org\/CreativeWork\" ><div class='avia_textblock  '   itemprop=\"text\" ><p><strong>Latinatek<\/strong> cuenta con un equipo de ventas de varios profesionales ubicados en <strong>Quer\u00e9taro<\/strong>, <strong>Ciudad de M\u00e9xico<\/strong> y <strong>Chihuahua<\/strong>, y una red de asociados que cubren todo M\u00e9xico y buscan activamente oportunidades donde sus productos puedan ser vendidos. Invertimos en llamadas de ventas activas con \u00ablas botas en el terreno\u00bb, mercadotecnia y continuamos creciendo la cobertura en todo el pa\u00eds.<\/p>\n<p><strong>\u00abOfrecemos un conocimiento muy completo y una base de datos de d\u00f3nde est\u00e1n los clientes y qui\u00e9n est\u00e1 comprando y qui\u00e9n no\u00bb.<\/strong><\/p>\n<\/div><\/section><\/p><\/div><\/p>\n<div class=\"flex_column av_one_half  flex_column_div av-zero-column-padding first  avia-builder-el-22  el_after_av_three_fourth  el_before_av_one_fourth  column-top-margin\" style='border-radius:0px; '><p><div  style='padding-bottom:10px; color:#666666;font-size:3vw;' class='av-special-heading av-special-heading-h4 custom-color-heading blockquote modern-quote  avia-builder-el-23  el_before_av_textblock  avia-builder-el-first  av-inherit-size '><h4 class='av-special-heading-tag '  itemprop=\"headline\"  >Pol\u00edtica de Calidad<\/h4><div class='special-heading-border'><div class='special-heading-inner-border' style='border-color:#666666'><\/div><\/div><\/div><br \/>\n<section class=\"av_textblock_section \"  itemscope=\"itemscope\" itemtype=\"https:\/\/schema.org\/CreativeWork\" ><div class='avia_textblock  '   itemprop=\"text\" ><p>\u201c<strong>LATINATEK<\/strong>\u00a0es una organizaci\u00f3n que ofrece desarrollar los Procesos de Manufactura de Ensambles Met\u00e1licos y Estampados para la Industria Metal Mec\u00e1nica, garantizando el cumplimiento de los requerimientos de los clientes, en calidad del producto, tiempo de entrega y precios competitivos, aplicando siempre la mejora continua, con personal competente y comprometido, cuidando el medio ambiente y el entorno social\u201d<\/p>\n<\/div><\/section><\/p><\/div>\n<div class=\"flex_column av_one_fourth  flex_column_div av-zero-column-padding   avia-builder-el-25  el_after_av_one_half  el_before_av_one_fourth  column-top-margin\" style='border-radius:0px; '><p><div  style='padding-bottom:10px; color:#666666;font-size:3vw;' class='av-special-heading av-special-heading-h4 custom-color-heading blockquote modern-quote  avia-builder-el-26  el_before_av_image  avia-builder-el-first  av-inherit-size '><h4 class='av-special-heading-tag '  itemprop=\"headline\"  >Certificaciones <\/h4><div class='special-heading-border'><div class='special-heading-inner-border' style='border-color:#666666'><\/div><\/div><\/div><br \/>\n<div  class='avia-image-container  av-styling-    avia-builder-el-27  el_after_av_heading  avia-builder-el-last  avia-align-center '  itemprop=\"image\" itemscope=\"itemscope\" itemtype=\"https:\/\/schema.org\/ImageObject\"  ><div class='avia-image-container-inner'><div class='avia-image-overlay-wrap'><a href='https:\/\/latinatek.com.mx\/website\/iso9001\/' class='avia_image'  ><img class='avia_image ' src='https:\/\/latinatek.com.mx\/website\/wp-content\/uploads\/2023\/05\/norma_iso_9001-180x180.png' alt='' title='norma_iso_9001'  itemprop=\"thumbnailUrl\"  \/><\/a><\/div><\/div><\/div><\/p><\/div>\n<div class=\"flex_column av_one_fourth  flex_column_div av-zero-column-padding   avia-builder-el-28  el_after_av_one_fourth  el_before_av_hr  column-top-margin\" style='border-radius:0px; '><p><div  class='avia-image-container  av-styling-    avia-builder-el-29  el_before_av_textblock  avia-builder-el-first  avia-align-center '  itemprop=\"image\" itemscope=\"itemscope\" itemtype=\"https:\/\/schema.org\/ImageObject\"  ><div class='avia-image-container-inner'><div class='avia-image-overlay-wrap'><a href='https:\/\/latinatek.com.mx\/website\/iso9001\/' class='avia_image'  ><img class='avia_image ' src='https:\/\/latinatek.com.mx\/website\/wp-content\/uploads\/2023\/08\/1280px-HD_transparent_picture-80x80.png' alt='' title='1280px-HD_transparent_picture'  itemprop=\"thumbnailUrl\"  \/><\/a><\/div><\/div><\/div><br \/>\n<section class=\"av_textblock_section \"  itemscope=\"itemscope\" itemtype=\"https:\/\/schema.org\/CreativeWork\" ><div class='avia_textblock  '   itemprop=\"text\" ><p>ISO 9001:2015 Certification<\/p>\n<p>(By T\u00fcV NORD)<\/p>\n<p>DUNS Number: 812826066<\/p>\n<p>IMDS: 250276<\/p>\n<\/div><\/section><\/p><\/div><div   class='hr hr-full hr-no-shadow   avia-builder-el-31  el_after_av_one_fourth  el_before_av_textblock '><span class='hr-inner ' ><span class='hr-inner-style'><\/span><\/span><\/div><\/p>\n<section class=\"av_textblock_section \"  itemscope=\"itemscope\" itemtype=\"https:\/\/schema.org\/CreativeWork\" ><div class='avia_textblock  '   itemprop=\"text\" ><h2 style=\"text-align: center;\">Mexican growing market<\/h2>\n<\/div><\/section>\n<div  class='avia-image-container avia_animated_image avia_animate_when_almost_visible pop-up av-styling-    avia-builder-el-33  el_after_av_textblock  avia-builder-el-last  avia-align-center '  itemprop=\"image\" itemscope=\"itemscope\" itemtype=\"https:\/\/schema.org\/ImageObject\"  ><div class='avia-image-container-inner'><div class='avia-image-overlay-wrap'><img class='avia_image' src='https:\/\/latinatek.com.mx\/website\/wp-content\/uploads\/2013\/04\/mexicomap.png' alt='' title='mexicomap' height=\"730\" width=\"973\"  itemprop=\"thumbnailUrl\"  \/><\/div><\/div><\/div>\n","protected":false},"excerpt":{"rendered":"","protected":false},"author":1,"featured_media":0,"parent":0,"menu_order":0,"comment_status":"closed","ping_status":"closed","template":"","meta":{"_monsterinsights_skip_tracking":false,"_monsterinsights_sitenote_active":false,"_monsterinsights_sitenote_note":"","_monsterinsights_sitenote_category":0,"_joinchat":[]},"yoast_head":"<!-- This site is optimized with the Yoast SEO plugin v21.1 - https:\/\/yoast.com\/wordpress\/plugins\/seo\/ -->\n<title>Nosotros - Latinatek<\/title>\n<meta name=\"description\" content=\"Latinatek es una compa\u00f1\u00eda creada para dar soporte a las peque\u00f1as, medianas y grandes empresas en el negocio del estampado met\u00e1lico. El estampado met\u00e1lico est\u00e1 creciendo en M\u00e9xico. Nuestro principal enfoque es apoyar a los empresarios a desarrollar sus empresas en esta \u00e1rea.\" \/>\n<meta name=\"robots\" content=\"index, follow, max-snippet:-1, max-image-preview:large, max-video-preview:-1\" \/>\n<link rel=\"canonical\" href=\"https:\/\/latinatek.com.mx\/website\/nosotros\/\" \/>\n<meta property=\"og:locale\" content=\"es_ES\" \/>\n<meta property=\"og:type\" content=\"article\" \/>\n<meta property=\"og:title\" content=\"Nosotros - Latinatek\" \/>\n<meta property=\"og:description\" content=\"Latinatek es una compa\u00f1\u00eda creada para dar soporte a las peque\u00f1as, medianas y grandes empresas en el negocio del estampado met\u00e1lico. El estampado met\u00e1lico est\u00e1 creciendo en M\u00e9xico. Nuestro principal enfoque es apoyar a los empresarios a desarrollar sus empresas en esta \u00e1rea.\" \/>\n<meta property=\"og:url\" content=\"https:\/\/latinatek.com.mx\/website\/nosotros\/\" \/>\n<meta property=\"og:site_name\" content=\"Latinatek\" \/>\n<meta property=\"article:modified_time\" content=\"2024-03-01T21:53:06+00:00\" \/>\n<meta name=\"twitter:card\" content=\"summary_large_image\" \/>\n<meta name=\"twitter:label1\" content=\"Tiempo de lectura\" \/>\n\t<meta name=\"twitter:data1\" content=\"6 minutos\" \/>\n<script type=\"application\/ld+json\" class=\"yoast-schema-graph\">{\"@context\":\"https:\/\/schema.org\",\"@graph\":[{\"@type\":\"WebPage\",\"@id\":\"https:\/\/latinatek.com.mx\/website\/nosotros\/\",\"url\":\"https:\/\/latinatek.com.mx\/website\/nosotros\/\",\"name\":\"Nosotros - Latinatek\",\"isPartOf\":{\"@id\":\"https:\/\/latinatek.com.mx\/website\/en\/#website\"},\"datePublished\":\"2018-04-11T20:30:00+00:00\",\"dateModified\":\"2024-03-01T21:53:06+00:00\",\"description\":\"Latinatek es una compa\u00f1\u00eda creada para dar soporte a las peque\u00f1as, medianas y grandes empresas en el negocio del estampado met\u00e1lico. El estampado met\u00e1lico est\u00e1 creciendo en M\u00e9xico. Nuestro principal enfoque es apoyar a los empresarios a desarrollar sus empresas en esta \u00e1rea.\",\"breadcrumb\":{\"@id\":\"https:\/\/latinatek.com.mx\/website\/nosotros\/#breadcrumb\"},\"inLanguage\":\"es\",\"potentialAction\":[{\"@type\":\"ReadAction\",\"target\":[\"https:\/\/latinatek.com.mx\/website\/nosotros\/\"]}]},{\"@type\":\"BreadcrumbList\",\"@id\":\"https:\/\/latinatek.com.mx\/website\/nosotros\/#breadcrumb\",\"itemListElement\":[{\"@type\":\"ListItem\",\"position\":1,\"name\":\"Home\",\"item\":\"https:\/\/latinatek.com.mx\/website\/home\/\"},{\"@type\":\"ListItem\",\"position\":2,\"name\":\"Nosotros\"}]},{\"@type\":\"WebSite\",\"@id\":\"https:\/\/latinatek.com.mx\/website\/en\/#website\",\"url\":\"https:\/\/latinatek.com.mx\/website\/en\/\",\"name\":\"Latinatek\",\"description\":\"The partner of choice for the entrepreneur\",\"potentialAction\":[{\"@type\":\"SearchAction\",\"target\":{\"@type\":\"EntryPoint\",\"urlTemplate\":\"https:\/\/latinatek.com.mx\/website\/en\/?s={search_term_string}\"},\"query-input\":\"required name=search_term_string\"}],\"inLanguage\":\"es\"}]}<\/script>\n<!-- \/ Yoast SEO plugin. -->","yoast_head_json":{"title":"Nosotros - Latinatek","description":"Latinatek es una compa\u00f1\u00eda creada para dar soporte a las peque\u00f1as, medianas y grandes empresas en el negocio del estampado met\u00e1lico. El estampado met\u00e1lico est\u00e1 creciendo en M\u00e9xico. Nuestro principal enfoque es apoyar a los empresarios a desarrollar sus empresas en esta \u00e1rea.","robots":{"index":"index","follow":"follow","max-snippet":"max-snippet:-1","max-image-preview":"max-image-preview:large","max-video-preview":"max-video-preview:-1"},"canonical":"https:\/\/latinatek.com.mx\/website\/nosotros\/","og_locale":"es_ES","og_type":"article","og_title":"Nosotros - Latinatek","og_description":"Latinatek es una compa\u00f1\u00eda creada para dar soporte a las peque\u00f1as, medianas y grandes empresas en el negocio del estampado met\u00e1lico. El estampado met\u00e1lico est\u00e1 creciendo en M\u00e9xico. Nuestro principal enfoque es apoyar a los empresarios a desarrollar sus empresas en esta \u00e1rea.","og_url":"https:\/\/latinatek.com.mx\/website\/nosotros\/","og_site_name":"Latinatek","article_modified_time":"2024-03-01T21:53:06+00:00","twitter_card":"summary_large_image","twitter_misc":{"Tiempo de lectura":"6 minutos"},"schema":{"@context":"https:\/\/schema.org","@graph":[{"@type":"WebPage","@id":"https:\/\/latinatek.com.mx\/website\/nosotros\/","url":"https:\/\/latinatek.com.mx\/website\/nosotros\/","name":"Nosotros - Latinatek","isPartOf":{"@id":"https:\/\/latinatek.com.mx\/website\/en\/#website"},"datePublished":"2018-04-11T20:30:00+00:00","dateModified":"2024-03-01T21:53:06+00:00","description":"Latinatek es una compa\u00f1\u00eda creada para dar soporte a las peque\u00f1as, medianas y grandes empresas en el negocio del estampado met\u00e1lico. El estampado met\u00e1lico est\u00e1 creciendo en M\u00e9xico. Nuestro principal enfoque es apoyar a los empresarios a desarrollar sus empresas en esta \u00e1rea.","breadcrumb":{"@id":"https:\/\/latinatek.com.mx\/website\/nosotros\/#breadcrumb"},"inLanguage":"es","potentialAction":[{"@type":"ReadAction","target":["https:\/\/latinatek.com.mx\/website\/nosotros\/"]}]},{"@type":"BreadcrumbList","@id":"https:\/\/latinatek.com.mx\/website\/nosotros\/#breadcrumb","itemListElement":[{"@type":"ListItem","position":1,"name":"Home","item":"https:\/\/latinatek.com.mx\/website\/home\/"},{"@type":"ListItem","position":2,"name":"Nosotros"}]},{"@type":"WebSite","@id":"https:\/\/latinatek.com.mx\/website\/en\/#website","url":"https:\/\/latinatek.com.mx\/website\/en\/","name":"Latinatek","description":"The partner of choice for the entrepreneur","potentialAction":[{"@type":"SearchAction","target":{"@type":"EntryPoint","urlTemplate":"https:\/\/latinatek.com.mx\/website\/en\/?s={search_term_string}"},"query-input":"required name=search_term_string"}],"inLanguage":"es"}]}},"_links":{"self":[{"href":"https:\/\/latinatek.com.mx\/website\/wp-json\/wp\/v2\/pages\/4082"}],"collection":[{"href":"https:\/\/latinatek.com.mx\/website\/wp-json\/wp\/v2\/pages"}],"about":[{"href":"https:\/\/latinatek.com.mx\/website\/wp-json\/wp\/v2\/types\/page"}],"author":[{"embeddable":true,"href":"https:\/\/latinatek.com.mx\/website\/wp-json\/wp\/v2\/users\/1"}],"replies":[{"embeddable":true,"href":"https:\/\/latinatek.com.mx\/website\/wp-json\/wp\/v2\/comments?post=4082"}],"version-history":[{"count":36,"href":"https:\/\/latinatek.com.mx\/website\/wp-json\/wp\/v2\/pages\/4082\/revisions"}],"predecessor-version":[{"id":6078,"href":"https:\/\/latinatek.com.mx\/website\/wp-json\/wp\/v2\/pages\/4082\/revisions\/6078"}],"wp:attachment":[{"href":"https:\/\/latinatek.com.mx\/website\/wp-json\/wp\/v2\/media?parent=4082"}],"curies":[{"name":"wp","href":"https:\/\/api.w.org\/{rel}","templated":true}]}}