{"id":4124,"date":"2018-04-11T14:39:11","date_gmt":"2018-04-11T20:39:11","guid":{"rendered":"http:\/\/latinatek.com.mx\/index.php\/financiamiento\/"},"modified":"2023-08-28T11:58:41","modified_gmt":"2023-08-28T17:58:41","slug":"estampado","status":"publish","type":"page","link":"https:\/\/latinatek.com.mx\/website\/estampado\/","title":{"rendered":"Estampado"},"content":{"rendered":"<div class=\"flex_column av_one_full  flex_column_div av-zero-column-padding first  avia-builder-el-0  el_before_av_layerslider  avia-builder-el-no-sibling  \" style='border-radius:0px; '><p><div  style='padding-bottom:10px; font-size:50px;' class='av-special-heading av-special-heading-h2  blockquote modern-quote modern-centered  avia-builder-el-1  el_before_av_textblock  avia-builder-el-first  av-inherit-size '><h2 class='av-special-heading-tag '  itemprop=\"headline\"  >ESTAMPADO<\/h2><div class='special-heading-border'><div class='special-heading-inner-border' ><\/div><\/div><\/div><br \/>\n<section class=\"av_textblock_section \"  itemscope=\"itemscope\" itemtype=\"https:\/\/schema.org\/CreativeWork\" ><div class='avia_textblock  '   itemprop=\"text\" ><p>En el a\u00f1o del <strong>2019<\/strong> se integran prensas en nuestras instalaciones con el prop\u00f3sito de ofrecer el estampado de partes y ensambles met\u00e1licos para el mercado <strong>nacional e internacional<\/strong>. Gracias a nuestra divisi\u00f3n de maquinaria, con la flexibilidad de contar con <strong>equipos adecuados<\/strong> para ofrecer diferentes soluciones de valor agregado para nuestros clientes.<\/p>\n<\/div><\/section><\/p><\/div>\n<\/div><\/div><\/div><!-- close content main div --><\/div><\/div><div id='layer_slider_1'  class='avia-layerslider main_color avia-shadow  avia-builder-el-3  el_after_av_one_full  el_before_av_one_half  slider-not-first container_wrap sidebar_right' style='  height: 401px; max-width: 1280px; margin: 0 auto;' ><\/div><div id='after_layer_slider_1'  class='main_color av_default_container_wrap container_wrap sidebar_right' style=' '  ><div class='container' ><div class='template-page content  av-content-small alpha units'><div class='post-entry post-entry-type-page post-entry-4124'><div class='entry-content-wrapper clearfix'>\n<div class=\"flex_column av_one_half  flex_column_div av-zero-column-padding first  avia-builder-el-4  el_after_av_layerslider  el_before_av_one_half  avia-builder-el-first  \" style='border-radius:0px; '><p><div  style='padding-bottom:10px; ' class='av-special-heading av-special-heading-h2  blockquote modern-quote modern-centered  avia-builder-el-5  el_before_av_textblock  avia-builder-el-first  '><h2 class='av-special-heading-tag '  itemprop=\"headline\"  >Experiencia <\/h2><div class='special-heading-border'><div class='special-heading-inner-border' ><\/div><\/div><\/div><br \/>\n<section class=\"av_textblock_section \"  itemscope=\"itemscope\" itemtype=\"https:\/\/schema.org\/CreativeWork\" ><div class='avia_textblock  '   itemprop=\"text\" ><p>En la divisi\u00f3n de estampado contamos con m\u00e1s de 80 a\u00f1os acumulados de experiencia en el mercado de estampado automotriz y de appliance, teniendo claro las necesidades de nuestros clientes, sobre todo con el sentido de urgencia necesario y un enfoque de servicio.<\/p>\n<\/div><\/section><\/p><\/div><div class=\"flex_column av_one_half  flex_column_div av-zero-column-padding   avia-builder-el-7  el_after_av_one_half  el_before_av_heading  \" style='border-radius:0px; '><p><div  style='padding-bottom:10px; ' class='av-special-heading av-special-heading-h2  blockquote modern-quote modern-centered  avia-builder-el-8  el_before_av_textblock  avia-builder-el-first  '><h2 class='av-special-heading-tag '  itemprop=\"headline\"  >Alcance <\/h2><div class='special-heading-border'><div class='special-heading-inner-border' ><\/div><\/div><\/div><br \/>\n<section class=\"av_textblock_section \"  itemscope=\"itemscope\" itemtype=\"https:\/\/schema.org\/CreativeWork\" ><div class='avia_textblock  '   itemprop=\"text\" ><ul>\n<li>Fabricaci\u00f3n de piezas estampadas de acuerdo a los requerimientos del cliente<\/li>\n<li>Dise\u00f1o y fabricaci\u00f3n de troqueles de estampado manual y progresivo<\/li>\n<li>Ensamble de componentes<\/li>\n<\/ul>\n<\/div><\/section><\/p><\/div><div  style='padding-bottom:10px; font-size:40px;' class='av-special-heading av-special-heading-h2  blockquote modern-quote modern-centered  avia-builder-el-10  el_after_av_one_half  el_before_av_one_full  av-inherit-size '><h2 class='av-special-heading-tag '  itemprop=\"headline\"  >Capacidades<\/h2><div class='special-heading-border'><div class='special-heading-inner-border' ><\/div><\/div><\/div><\/p>\n<div class=\"flex_column av_one_full  flex_column_div av-zero-column-padding first  avia-builder-el-11  el_after_av_heading  el_before_av_one_half  \" style='border-radius:0px; '><\/div>\n<div class=\"flex_column av_one_half  flex_column_div av-zero-column-padding first  avia-builder-el-12  el_after_av_one_full  el_before_av_one_half  column-top-margin\" style='border-radius:0px; '><div  class='avia-image-container  av-styling-    avia-builder-el-13  avia-builder-el-no-sibling  avia-align-center '  itemprop=\"image\" itemscope=\"itemscope\" itemtype=\"https:\/\/schema.org\/ImageObject\"  ><div class='avia-image-container-inner'><div class='avia-image-overlay-wrap'><img class='avia_image' src='https:\/\/latinatek.com.mx\/website\/wp-content\/uploads\/2023\/05\/Tabla-prensas.png' alt='' title=''   itemprop=\"thumbnailUrl\"  \/><\/div><\/div><\/div><\/div>\n<div class=\"flex_column av_one_half  flex_column_div av-zero-column-padding   avia-builder-el-14  el_after_av_one_half  el_before_av_one_half  column-top-margin\" style='border-radius:0px; '><div  class='avia-image-container  av-styling-    avia-builder-el-15  avia-builder-el-no-sibling  avia-align-center '  itemprop=\"image\" itemscope=\"itemscope\" itemtype=\"https:\/\/schema.org\/ImageObject\"  ><div class='avia-image-container-inner'><div class='avia-image-overlay-wrap'><img class='avia_image' src='https:\/\/latinatek.com.mx\/website\/wp-content\/uploads\/2023\/05\/servo-alimentadores-1.png' alt='' title='servo-alimentadores' height=\"422\" width=\"838\"  itemprop=\"thumbnailUrl\"  \/><\/div><\/div><\/div><\/div>\n<div class=\"flex_column av_one_half  flex_column_div av-zero-column-padding first  avia-builder-el-16  el_after_av_one_half  el_before_av_one_half  column-top-margin\" style='border-radius:0px; '><p><div  style='padding-bottom:10px; ' class='av-special-heading av-special-heading-h2  blockquote modern-quote modern-centered  avia-builder-el-17  el_before_av_textblock  avia-builder-el-first  '><h2 class='av-special-heading-tag '  itemprop=\"headline\"  >Troqueles <\/h2><div class='special-heading-border'><div class='special-heading-inner-border' ><\/div><\/div><\/div><br \/>\n<section class=\"av_textblock_section \"  itemscope=\"itemscope\" itemtype=\"https:\/\/schema.org\/CreativeWork\" ><div class='avia_textblock  '   itemprop=\"text\" ><p>Autonom\u00eda para el mantenimiento y ajuste de troqueles \u2013 taller en sitio. A trav\u00e9s de nuestras alianzas estrat\u00e9gicas (nacionales e internacionales) podemos ofrecer el desarrollo de <strong>troqueles<\/strong>, <strong>try outs<\/strong> y <strong>proceso de buy off<\/strong>.<\/p>\n<p><strong>Experiencia en troquelado.<\/strong><\/p>\n<ul>\n<li>Piezas planas (blanks).<\/li>\n<li>Piezas formadas.<\/li>\n<li>Piezas embutidas.<\/li>\n<li>Ensambles<\/li>\n<\/ul>\n<\/div><\/section><\/p><\/div><div class=\"flex_column av_one_half  flex_column_div av-zero-column-padding   avia-builder-el-19  el_after_av_one_half  el_before_av_one_half  column-top-margin\" style='border-radius:0px; '><p><div  style='padding-bottom:10px; ' class='av-special-heading av-special-heading-h2  blockquote modern-quote modern-centered  avia-builder-el-20  el_before_av_textblock  avia-builder-el-first  '><h2 class='av-special-heading-tag '  itemprop=\"headline\"  >Materiales<\/h2><div class='special-heading-border'><div class='special-heading-inner-border' ><\/div><\/div><\/div><br \/>\n<section class=\"av_textblock_section \"  itemscope=\"itemscope\" itemtype=\"https:\/\/schema.org\/CreativeWork\" ><div class='avia_textblock  '   itemprop=\"text\" ><p><strong>Experiencia en materiales.<\/strong><\/p>\n<ul>\n<li>L\u00e1mina negra rolada en fr\u00edo y en caliente.<\/li>\n<li>L\u00e1mina galvanizada y aluminizada.<\/li>\n<li>Cobre y aleaciones de cobre.<\/li>\n<li>Aceros de alta resistencia y baja aleaci\u00f3n (HSLA).<\/li>\n<li>Acero Inoxidable 301, sin y con acabado \u2013 Hasta media dureza<\/li>\n<li>Acero inoxidable 304, sin y con acabado.<\/li>\n<\/ul>\n<\/div><\/section><\/p><\/div><div class=\"flex_column av_one_half  flex_column_div av-zero-column-padding first  avia-builder-el-22  el_after_av_one_half  el_before_av_one_half  column-top-margin\" style='border-radius:0px; '><p><div  style='padding-bottom:10px; ' class='av-special-heading av-special-heading-h2  blockquote modern-quote modern-centered  avia-builder-el-23  el_before_av_textblock  avia-builder-el-first  '><h2 class='av-special-heading-tag '  itemprop=\"headline\"  >Ensambles<\/h2><div class='special-heading-border'><div class='special-heading-inner-border' ><\/div><\/div><\/div><br \/>\n<section class=\"av_textblock_section \"  itemscope=\"itemscope\" itemtype=\"https:\/\/schema.org\/CreativeWork\" ><div class='avia_textblock  '   itemprop=\"text\" ><p>Capacidad para integrar procesos de valor agregado para la entrega de ensambles, con la posibilidad de integrar procesos para ensamble como: spotwelding, clinchado, ribeteado.<\/p>\n<\/div><\/section><\/p><\/div><div class=\"flex_column av_one_half  flex_column_div av-zero-column-padding   avia-builder-el-25  el_after_av_one_half  el_before_av_one_full  column-top-margin\" style='border-radius:0px; '><p><div  style='padding-bottom:10px; ' class='av-special-heading av-special-heading-h2  blockquote modern-quote modern-centered  avia-builder-el-26  el_before_av_textblock  avia-builder-el-first  '><h2 class='av-special-heading-tag '  itemprop=\"headline\"  >Acabados<\/h2><div class='special-heading-border'><div class='special-heading-inner-border' ><\/div><\/div><\/div><br \/>\n<section class=\"av_textblock_section \"  itemscope=\"itemscope\" itemtype=\"https:\/\/schema.org\/CreativeWork\" ><div class='avia_textblock  '   itemprop=\"text\" ><p>A trav\u00e9s de nuestras alianzas estrat\u00e9gica se pueden entregar productos con acabados superficiales como: <strong>Pintura en polvo, Pintura E-Coat, Galvanizado trivalente, Pasivado<\/strong><\/p>\n<\/div><\/section><\/p><\/div><div class=\"flex_column av_one_full  flex_column_div av-zero-column-padding first  avia-builder-el-28  el_after_av_one_half  el_before_av_one_full  column-top-margin\" style='border-radius:0px; '><div   data-size='featured'  data-lightbox_size='large'  data-animation='slide'  data-conditional_play=''  data-ids='5906,5905,5904,5804,3825'  data-video_counter='0'  data-autoplay='true'  data-bg_slider='false'  data-slide_height=''  data-handle='av_slideshow'  data-interval='2'  data-class=' avia-builder-el-29  avia-builder-el-no-sibling  '  data-el_id=''  data-css_id=''  data-scroll_down=''  data-control_layout='av-control-default'  data-custom_markup=''  data-perma_caption=''  data-autoplay_stopper=''  data-image_attachment=''  data-min_height='0px'  data-default-height='28.666666666667'  class='avia-slideshow avia-slideshow-1  av-control-default av-default-height-applied avia-slideshow-featured av_slideshow  avia-builder-el-29  avia-builder-el-no-sibling   avia-slide-slider '  itemprop=\"image\" itemscope=\"itemscope\" itemtype=\"https:\/\/schema.org\/ImageObject\" ><ul class='avia-slideshow-inner ' style='padding-bottom: 28.666666666667%;' ><li  class=' slide-1 ' ><div data-rel='slideshow-1' class='avia-slide-wrap '   ><img src='https:\/\/latinatek.com.mx\/website\/wp-content\/uploads\/2023\/07\/20230726_101123-1500x430.jpg' width='1500' height='430' title='20230726_101123' alt=''  itemprop=\"thumbnailUrl\"   \/><\/div><\/li><li  class=' slide-2 ' ><div data-rel='slideshow-1' class='avia-slide-wrap '   ><img src='https:\/\/latinatek.com.mx\/website\/wp-content\/uploads\/2023\/07\/20230726_101116-1500x430.jpg' width='1500' height='430' title='20230726_101116' alt=''  itemprop=\"thumbnailUrl\"   \/><\/div><\/li><li  class=' slide-3 ' ><div data-rel='slideshow-1' class='avia-slide-wrap '   ><img src='https:\/\/latinatek.com.mx\/website\/wp-content\/uploads\/2023\/07\/20230726_101131-1500x430.jpg' width='1500' height='430' title='20230726_101131' alt=''  itemprop=\"thumbnailUrl\"   \/><\/div><\/li><li  class=' slide-4 ' ><div data-rel='slideshow-1' class='avia-slide-wrap '   ><img src='https:\/\/latinatek.com.mx\/website\/wp-content\/uploads\/2023\/05\/Pieces-1500x430.jpg' width='1500' height='430' title='Pieces' alt=''  itemprop=\"thumbnailUrl\"   \/><\/div><\/li><li  class=' slide-5 ' ><div data-rel='slideshow-1' class='avia-slide-wrap '   ><img src='https:\/\/latinatek.com.mx\/website\/wp-content\/uploads\/2013\/04\/pzas-estampadas-1-1500x430.jpg' width='1500' height='430' title='pzas-estampadas' alt=''  itemprop=\"thumbnailUrl\"   \/><\/div><\/li><\/ul><div class='avia-slideshow-arrows avia-slideshow-controls'><a href='#prev' class='prev-slide' aria-hidden='true' data-av_icon='\ue87c' data-av_iconfont='entypo-fontello'>Anterior<\/a><a href='#next' class='next-slide' aria-hidden='true' data-av_icon='\ue87d' data-av_iconfont='entypo-fontello'>Posterior<\/a><\/div><div class='avia-slideshow-dots avia-slideshow-controls'><a href='#1' class='goto-slide active' >1<\/a><a href='#2' class='goto-slide ' >2<\/a><a href='#3' class='goto-slide ' >3<\/a><a href='#4' class='goto-slide ' >4<\/a><a href='#5' class='goto-slide ' >5<\/a><\/div><\/div><\/div><\/p>\n<div class=\"flex_column av_one_full  flex_column_div av-zero-column-padding first  avia-builder-el-30  el_after_av_one_full  el_before_av_one_half  column-top-margin\" style='border-radius:0px; '><div  style='padding-bottom:10px; font-size:40px;' class='av-special-heading av-special-heading-h2  blockquote modern-quote modern-centered  avia-builder-el-31  avia-builder-el-no-sibling  av-inherit-size '><h2 class='av-special-heading-tag '  itemprop=\"headline\"  >GESTI\u00d3N DE CALIDAD<\/h2><div class='special-heading-border'><div class='special-heading-inner-border' ><\/div><\/div><\/div><\/div>\n<div class=\"flex_column av_one_half  flex_column_div av-zero-column-padding first  avia-builder-el-32  el_after_av_one_full  el_before_av_one_fourth  column-top-margin\" style='border-radius:0px; '><p><div  style='padding-bottom:10px; ' class='av-special-heading av-special-heading-h2  blockquote modern-quote  avia-builder-el-33  el_before_av_textblock  avia-builder-el-first  '><h2 class='av-special-heading-tag '  itemprop=\"headline\"  >POL\u00cdTICA DE CALIDAD<\/h2><div class='special-heading-border'><div class='special-heading-inner-border' ><\/div><\/div><\/div><br \/>\n<section class=\"av_textblock_section \"  itemscope=\"itemscope\" itemtype=\"https:\/\/schema.org\/CreativeWork\" ><div class='avia_textblock  '   itemprop=\"text\" ><p>LATINATEK S.A. DE C.V. es una oranizaci\u00f3n que ofrece desarrollar los procesos de manufactura de ensambles met\u00e1licos y estampados para la industria Metal- Mec\u00e1nica, garantizanco el cumplimiento de los requerimientos de los clientes, en calidad del producto, tiempo de entrega y precios competitivos, aplicando siempre la mejora continua, con personal competente y comprometido, cuidando el medio ambiente y el entorno social<\/p>\n<\/div><\/section><\/p><\/div>\n<div class=\"flex_column av_one_fourth  flex_column_div av-zero-column-padding   avia-builder-el-35  el_after_av_one_half  el_before_av_one_fourth  column-top-margin\" style='border-radius:0px; '><p><div  style='padding-bottom:10px; ' class='av-special-heading av-special-heading-h2  blockquote modern-quote  avia-builder-el-36  el_before_av_image  avia-builder-el-first  '><h2 class='av-special-heading-tag '  itemprop=\"headline\"  >ISO 9001:2015 <\/h2><div class='special-heading-border'><div class='special-heading-inner-border' ><\/div><\/div><\/div><br \/>\n<div  class='avia-image-container  av-styling-    avia-builder-el-37  el_after_av_heading  avia-builder-el-last  avia-align-center '  itemprop=\"image\" itemscope=\"itemscope\" itemtype=\"https:\/\/schema.org\/ImageObject\"  ><div class='avia-image-container-inner'><div class='avia-image-overlay-wrap'><a href='https:\/\/latinatek.com.mx\/website\/iso9001\/' class='avia_image'  ><img class='avia_image ' src='https:\/\/latinatek.com.mx\/website\/wp-content\/uploads\/2023\/05\/norma_iso_9001-180x180.png' alt='' title='norma_iso_9001'  itemprop=\"thumbnailUrl\"  \/><\/a><\/div><\/div><\/div><\/p><\/div>\n<div class=\"flex_column av_one_fourth  flex_column_div av-zero-column-padding   avia-builder-el-38  el_after_av_one_fourth  el_before_av_one_half  column-top-margin\" style='border-radius:0px; '><p><div  style='padding-bottom:10px; ' class='av-special-heading av-special-heading-h3    avia-builder-el-39  el_before_av_image  avia-builder-el-first  '><h3 class='av-special-heading-tag '  itemprop=\"headline\"  >Certificado por TUV NORD<\/h3><div class='special-heading-border'><div class='special-heading-inner-border' ><\/div><\/div><\/div><br \/>\n<div  class='avia-image-container  av-styling-    avia-builder-el-40  el_after_av_heading  avia-builder-el-last  avia-align-center '  itemprop=\"image\" itemscope=\"itemscope\" itemtype=\"https:\/\/schema.org\/ImageObject\"  ><div class='avia-image-container-inner'><div class='avia-image-overlay-wrap'><a href='https:\/\/www.tuv-nord.com\/mx\/es\/home\/' class='avia_image'  ><img class='avia_image ' src='https:\/\/latinatek.com.mx\/website\/wp-content\/uploads\/2023\/05\/TUV-NORD-Logo-1-300x141.png' alt='' title='T\u00dcV-NORD-Logo-1'  itemprop=\"thumbnailUrl\"  \/><\/a><\/div><\/div><\/div><\/p><\/div>\n<div class=\"flex_column av_one_half  flex_column_div av-zero-column-padding first  avia-builder-el-41  el_after_av_one_fourth  el_before_av_one_half  column-top-margin\" style='border-radius:0px; '><p><div  style='padding-bottom:10px; font-size:30px;' class='av-special-heading av-special-heading-h2  blockquote modern-quote  avia-builder-el-42  el_before_av_textblock  avia-builder-el-first  av-inherit-size '><h2 class='av-special-heading-tag '  itemprop=\"headline\"  >Requisitos Industria Automotriz<\/h2><div class='special-heading-border'><div class='special-heading-inner-border' ><\/div><\/div><\/div><br \/>\n<section class=\"av_textblock_section \"  itemscope=\"itemscope\" itemtype=\"https:\/\/schema.org\/CreativeWork\" ><div class='avia_textblock  '   itemprop=\"text\" ><p>Cumplimiento con requerimientos IATF 16949 \u2013 plan de certificaci\u00f3n para 2023.<\/p>\n<p>Desarrollo de proyectos a trav\u00e9s de APQP e integraci\u00f3n de core tools.<\/p>\n<p>Validaci\u00f3n de procesos mediante PPAP.<\/p>\n<\/div><\/section><\/p><\/div>\n<div class=\"flex_column av_one_half  flex_column_div av-zero-column-padding   avia-builder-el-44  el_after_av_one_half  avia-builder-el-last  column-top-margin\" style='border-radius:0px; '><p><div  style='padding-bottom:10px; font-size:30px;' class='av-special-heading av-special-heading-h2  blockquote modern-quote  avia-builder-el-45  el_before_av_textblock  avia-builder-el-first  av-inherit-size '><h2 class='av-special-heading-tag '  itemprop=\"headline\"  >Equipos de inspecci\u00f3n<\/h2><div class='special-heading-border'><div class='special-heading-inner-border' ><\/div><\/div><\/div><br \/>\n<section class=\"av_textblock_section \"  itemscope=\"itemscope\" itemtype=\"https:\/\/schema.org\/CreativeWork\" ><div class='avia_textblock  '   itemprop=\"text\" ><p>Contamos con equipos de medici\u00f3n convencionales como: <strong>Micr\u00f3metro, Vernier, Calibradores de alturas, Comparador \u00f3ptico.<\/strong><\/p>\n<p>Integraci\u00f3n de checking fixtures y gages.<\/p>\n<p>Contamos con alianzas estrat\u00e9gicas para mediciones con CMM y pruebas de laboratorio.<\/p>\n<p>A partir del 2do cuarto del 2023 contaremos con equipo CMM en nuestras instalaciones.<\/p>\n<\/div><\/section><\/p><\/div>\n","protected":false},"excerpt":{"rendered":"","protected":false},"author":1,"featured_media":0,"parent":0,"menu_order":0,"comment_status":"closed","ping_status":"closed","template":"","meta":{"_monsterinsights_skip_tracking":false,"_monsterinsights_sitenote_active":false,"_monsterinsights_sitenote_note":"","_monsterinsights_sitenote_category":0,"_joinchat":[]},"yoast_head":"<!-- This site is optimized with the Yoast SEO plugin v21.1 - https:\/\/yoast.com\/wordpress\/plugins\/seo\/ -->\n<title>Estampado - Latinatek<\/title>\n<meta name=\"description\" content=\"Latinatek\u00b4s financing and leasing plans\" \/>\n<meta name=\"robots\" content=\"index, follow, max-snippet:-1, max-image-preview:large, max-video-preview:-1\" \/>\n<link rel=\"canonical\" href=\"https:\/\/latinatek.com.mx\/website\/estampado\/\" \/>\n<meta property=\"og:locale\" content=\"es_ES\" \/>\n<meta property=\"og:type\" content=\"article\" \/>\n<meta property=\"og:title\" content=\"Estampado - Latinatek\" \/>\n<meta property=\"og:description\" content=\"Latinatek\u00b4s financing and leasing plans\" \/>\n<meta property=\"og:url\" content=\"https:\/\/latinatek.com.mx\/website\/estampado\/\" \/>\n<meta property=\"og:site_name\" content=\"Latinatek\" \/>\n<meta property=\"article:modified_time\" content=\"2023-08-28T17:58:41+00:00\" \/>\n<meta name=\"twitter:card\" content=\"summary_large_image\" \/>\n<meta name=\"twitter:label1\" content=\"Tiempo de lectura\" \/>\n\t<meta name=\"twitter:data1\" content=\"8 minutos\" \/>\n<script type=\"application\/ld+json\" class=\"yoast-schema-graph\">{\"@context\":\"https:\/\/schema.org\",\"@graph\":[{\"@type\":\"WebPage\",\"@id\":\"https:\/\/latinatek.com.mx\/website\/estampado\/\",\"url\":\"https:\/\/latinatek.com.mx\/website\/estampado\/\",\"name\":\"Estampado - Latinatek\",\"isPartOf\":{\"@id\":\"https:\/\/latinatek.com.mx\/website\/en\/#website\"},\"datePublished\":\"2018-04-11T20:39:11+00:00\",\"dateModified\":\"2023-08-28T17:58:41+00:00\",\"description\":\"Latinatek\u00b4s financing and leasing plans\",\"breadcrumb\":{\"@id\":\"https:\/\/latinatek.com.mx\/website\/estampado\/#breadcrumb\"},\"inLanguage\":\"es\",\"potentialAction\":[{\"@type\":\"ReadAction\",\"target\":[\"https:\/\/latinatek.com.mx\/website\/estampado\/\"]}]},{\"@type\":\"BreadcrumbList\",\"@id\":\"https:\/\/latinatek.com.mx\/website\/estampado\/#breadcrumb\",\"itemListElement\":[{\"@type\":\"ListItem\",\"position\":1,\"name\":\"Home\",\"item\":\"https:\/\/latinatek.com.mx\/website\/home\/\"},{\"@type\":\"ListItem\",\"position\":2,\"name\":\"Estampado\"}]},{\"@type\":\"WebSite\",\"@id\":\"https:\/\/latinatek.com.mx\/website\/en\/#website\",\"url\":\"https:\/\/latinatek.com.mx\/website\/en\/\",\"name\":\"Latinatek\",\"description\":\"The partner of choice for the entrepreneur\",\"potentialAction\":[{\"@type\":\"SearchAction\",\"target\":{\"@type\":\"EntryPoint\",\"urlTemplate\":\"https:\/\/latinatek.com.mx\/website\/en\/?s={search_term_string}\"},\"query-input\":\"required name=search_term_string\"}],\"inLanguage\":\"es\"}]}<\/script>\n<!-- \/ Yoast SEO plugin. -->","yoast_head_json":{"title":"Estampado - Latinatek","description":"Latinatek\u00b4s financing and leasing plans","robots":{"index":"index","follow":"follow","max-snippet":"max-snippet:-1","max-image-preview":"max-image-preview:large","max-video-preview":"max-video-preview:-1"},"canonical":"https:\/\/latinatek.com.mx\/website\/estampado\/","og_locale":"es_ES","og_type":"article","og_title":"Estampado - Latinatek","og_description":"Latinatek\u00b4s financing and leasing plans","og_url":"https:\/\/latinatek.com.mx\/website\/estampado\/","og_site_name":"Latinatek","article_modified_time":"2023-08-28T17:58:41+00:00","twitter_card":"summary_large_image","twitter_misc":{"Tiempo de lectura":"8 minutos"},"schema":{"@context":"https:\/\/schema.org","@graph":[{"@type":"WebPage","@id":"https:\/\/latinatek.com.mx\/website\/estampado\/","url":"https:\/\/latinatek.com.mx\/website\/estampado\/","name":"Estampado - Latinatek","isPartOf":{"@id":"https:\/\/latinatek.com.mx\/website\/en\/#website"},"datePublished":"2018-04-11T20:39:11+00:00","dateModified":"2023-08-28T17:58:41+00:00","description":"Latinatek\u00b4s financing and leasing plans","breadcrumb":{"@id":"https:\/\/latinatek.com.mx\/website\/estampado\/#breadcrumb"},"inLanguage":"es","potentialAction":[{"@type":"ReadAction","target":["https:\/\/latinatek.com.mx\/website\/estampado\/"]}]},{"@type":"BreadcrumbList","@id":"https:\/\/latinatek.com.mx\/website\/estampado\/#breadcrumb","itemListElement":[{"@type":"ListItem","position":1,"name":"Home","item":"https:\/\/latinatek.com.mx\/website\/home\/"},{"@type":"ListItem","position":2,"name":"Estampado"}]},{"@type":"WebSite","@id":"https:\/\/latinatek.com.mx\/website\/en\/#website","url":"https:\/\/latinatek.com.mx\/website\/en\/","name":"Latinatek","description":"The partner of choice for the entrepreneur","potentialAction":[{"@type":"SearchAction","target":{"@type":"EntryPoint","urlTemplate":"https:\/\/latinatek.com.mx\/website\/en\/?s={search_term_string}"},"query-input":"required name=search_term_string"}],"inLanguage":"es"}]}},"_links":{"self":[{"href":"https:\/\/latinatek.com.mx\/website\/wp-json\/wp\/v2\/pages\/4124"}],"collection":[{"href":"https:\/\/latinatek.com.mx\/website\/wp-json\/wp\/v2\/pages"}],"about":[{"href":"https:\/\/latinatek.com.mx\/website\/wp-json\/wp\/v2\/types\/page"}],"author":[{"embeddable":true,"href":"https:\/\/latinatek.com.mx\/website\/wp-json\/wp\/v2\/users\/1"}],"replies":[{"embeddable":true,"href":"https:\/\/latinatek.com.mx\/website\/wp-json\/wp\/v2\/comments?post=4124"}],"version-history":[{"count":40,"href":"https:\/\/latinatek.com.mx\/website\/wp-json\/wp\/v2\/pages\/4124\/revisions"}],"predecessor-version":[{"id":5928,"href":"https:\/\/latinatek.com.mx\/website\/wp-json\/wp\/v2\/pages\/4124\/revisions\/5928"}],"wp:attachment":[{"href":"https:\/\/latinatek.com.mx\/website\/wp-json\/wp\/v2\/media?parent=4124"}],"curies":[{"name":"wp","href":"https:\/\/api.w.org\/{rel}","templated":true}]}}