{"id":4127,"date":"2018-04-11T14:45:57","date_gmt":"2018-04-11T20:45:57","guid":{"rendered":"http:\/\/latinatek.com.mx\/index.php\/servicio-tecnico\/"},"modified":"2023-05-15T11:04:31","modified_gmt":"2023-05-15T17:04:31","slug":"servicio-tecnico","status":"publish","type":"page","link":"https:\/\/latinatek.com.mx\/website\/servicio-tecnico\/","title":{"rendered":"Servicio T\u00e9cnico"},"content":{"rendered":"<div  style='padding-bottom:10px; font-size:50px;' class='av-special-heading av-special-heading-h2  blockquote modern-quote modern-centered  avia-builder-el-0  el_before_av_textblock  avia-builder-el-first  av-inherit-size '><h2 class='av-special-heading-tag '  itemprop=\"headline\"  >SERVICIO T\u00c9CNICO<\/h2><div class='special-heading-border'><div class='special-heading-inner-border' ><\/div><\/div><\/div>\n<section class=\"av_textblock_section \"  itemscope=\"itemscope\" itemtype=\"https:\/\/schema.org\/CreativeWork\" ><div class='avia_textblock  '   itemprop=\"text\" ><p><strong>Latinatek<\/strong> tiene un equipo de ingenieros con experiencia en mec\u00e1nica, el\u00e9ctrica y en controles, para dar servicio a nuestras m\u00e1quinas las 24 horas del d\u00eda, los 7 d\u00edas de la semana. Cuando entregamos maquinaria, respaldamos nuestros equipos con un compromiso de servicio para reducir los tiempos muertos de producci\u00f3n. Contamos con una amplia variedad de refacciones. En caso de que nuestros clientes necesiten ayuda con una m\u00e1quina que no fue vendida por nosotros, pueden buscarnos y nosotros les daremos el servicio que necesiten.<\/p>\n<\/div><\/section>\n<div class=\"flex_column av_one_half  flex_column_div first  avia-builder-el-2  el_after_av_textblock  el_before_av_one_half  column-top-margin\" ><p><div   data-size='no scaling'  data-lightbox_size='large'  data-animation='slide'  data-conditional_play=''  data-ids='4836,4840,4848,4838,4842'  data-video_counter='0'  data-autoplay='true'  data-bg_slider='false'  data-slide_height=''  data-handle='av_slideshow'  data-interval='5'  data-class=' avia-builder-el-3  el_before_av_hr  avia-builder-el-first  '  data-el_id=''  data-css_id=''  data-scroll_down=''  data-control_layout='av-control-minimal'  data-custom_markup=''  data-perma_caption=''  data-autoplay_stopper=''  data-image_attachment=''  data-min_height='0px'  class='avia-slideshow avia-slideshow-1  av-control-minimal av-default-height-applied avia-slideshow-no scaling av_slideshow  avia-builder-el-3  el_before_av_hr  avia-builder-el-first   avia-slide-slider '  itemprop=\"image\" itemscope=\"itemscope\" itemtype=\"https:\/\/schema.org\/ImageObject\" ><ul class='avia-slideshow-inner ' style='padding-bottom: 65%;' ><li  class=' slide-1 ' ><div data-rel='slideshow-1' class='avia-slide-wrap '   ><img src='https:\/\/latinatek.com.mx\/website\/wp-content\/uploads\/2019\/11\/service-press.jpg' width='500' height='325' title='service-press' alt=''  itemprop=\"thumbnailUrl\"   \/><\/div><\/li><li  class=' slide-2 ' ><div data-rel='slideshow-1' class='avia-slide-wrap '   ><img src='https:\/\/latinatek.com.mx\/website\/wp-content\/uploads\/2019\/11\/service-controls.jpg' width='500' height='325' title='service-controls' alt=''  itemprop=\"thumbnailUrl\"   \/><\/div><\/li><li  class=' slide-3 ' ><div data-rel='slideshow-1' class='avia-slide-wrap '   ><img src='https:\/\/latinatek.com.mx\/website\/wp-content\/uploads\/2019\/11\/service-feeder.jpg' width='500' height='325' title='service-feeder' alt=''  itemprop=\"thumbnailUrl\"   \/><\/div><\/li><li  class=' slide-4 ' ><div data-rel='slideshow-1' class='avia-slide-wrap '   ><img src='https:\/\/latinatek.com.mx\/website\/wp-content\/uploads\/2019\/11\/service-cnc.jpg' width='500' height='325' title='service-cnc' alt=''  itemprop=\"thumbnailUrl\"   \/><\/div><\/li><li  class=' slide-5 ' ><div data-rel='slideshow-1' class='avia-slide-wrap '   ><img src='https:\/\/latinatek.com.mx\/website\/wp-content\/uploads\/2019\/11\/service-controls2.jpg' width='500' height='325' title='service-controls2' alt=''  itemprop=\"thumbnailUrl\"   \/><\/div><\/li><\/ul><div class='avia-slideshow-arrows avia-slideshow-controls'><a href='#prev' class='prev-slide' aria-hidden='true' data-av_icon='\ue87c' data-av_iconfont='entypo-fontello'>Anterior<\/a><a href='#next' class='next-slide' aria-hidden='true' data-av_icon='\ue87d' data-av_iconfont='entypo-fontello'>Posterior<\/a><\/div><div class='avia-slideshow-dots avia-slideshow-controls'><a href='#1' class='goto-slide active' >1<\/a><a href='#2' class='goto-slide ' >2<\/a><a href='#3' class='goto-slide ' >3<\/a><a href='#4' class='goto-slide ' >4<\/a><a href='#5' class='goto-slide ' >5<\/a><\/div><\/div><br \/>\n<div  style='height:50px' class='hr hr-invisible   avia-builder-el-4  el_after_av_slideshow  avia-builder-el-last '><span class='hr-inner ' ><span class='hr-inner-style'><\/span><\/span><\/div><\/p><\/div>\n<div class=\"flex_column av_one_half  flex_column_div av-zero-column-padding   avia-builder-el-5  el_after_av_one_half  el_before_av_heading  column-top-margin\" style='border-radius:0px; '><p><div  style='padding-bottom:10px; ' class='av-special-heading av-special-heading-h2  blockquote modern-quote  avia-builder-el-6  el_before_av_textblock  avia-builder-el-first  '><h2 class='av-special-heading-tag '  itemprop=\"headline\"  >Principales servicios<\/h2><div class='special-heading-border'><div class='special-heading-inner-border' ><\/div><\/div><\/div><br \/>\n<section class=\"av_textblock_section \"  itemscope=\"itemscope\" itemtype=\"https:\/\/schema.org\/CreativeWork\" ><div class='avia_textblock  '   itemprop=\"text\" ><p>Evaluaci\u00f3n de las condiciones<\/p>\n<p>Inspecci\u00f3n general y parcial de la maquina<\/p>\n<p>Mantenimiento preventivo<\/p>\n<p>Mantenimiento correctivo<\/p>\n<p>Servicio post-venta<\/p>\n<p>Evaluaci\u00f3n de proceso de producci\u00f3n<\/p>\n<p>Entrenamiento<\/p>\n<p>Migraci\u00f3n y actualizaci\u00f3n de controles<\/p>\n<p>Refurbish<\/p>\n<\/div><\/section><\/p><\/div>\n<div  style='padding-bottom:10px; ' class='av-special-heading av-special-heading-h2  blockquote modern-quote modern-centered  avia-builder-el-8  el_after_av_one_half  el_before_av_one_full  '><h2 class='av-special-heading-tag '  itemprop=\"headline\"  >PAQUETES DE MANTENIMIENTO PREVENTIVO<\/h2><div class='special-heading-border'><div class='special-heading-inner-border' ><\/div><\/div><\/div>\n<div class=\"flex_column av_one_full  flex_column_div av-zero-column-padding first  avia-builder-el-9  el_after_av_heading  el_before_av_one_half  \" style='border-radius:0px; '><section class=\"av_textblock_section \"  itemscope=\"itemscope\" itemtype=\"https:\/\/schema.org\/CreativeWork\" ><div class='avia_textblock  '   itemprop=\"text\" ><p>Sabemos lo importante que es para nuestros clientes, alargar la vida de sus equipos nuevos o usados. Al realizar mantenimientos preventivos programados o predictivos, se evita en gran medida el paro innecesario de sus l\u00edneas de producci\u00f3n o el tener que realizar reparaciones de emergencia y con ello generar p\u00e9rdidas econ\u00f3micas. Es por ello que le ofrecemos <strong>paquetes de mantenimiento preventivo<\/strong>.<\/p>\n<\/div><\/section><\/div>\n<div class=\"flex_column av_one_half  flex_column_div av-zero-column-padding first  avia-builder-el-11  el_after_av_one_full  el_before_av_one_half  column-top-margin\" style='border-radius:0px; '><p><div  style='padding-bottom:10px; ' class='av-special-heading av-special-heading-h2  blockquote modern-quote  avia-builder-el-12  el_before_av_textblock  avia-builder-el-first  '><h2 class='av-special-heading-tag '  itemprop=\"headline\"  >Prensas y Alimentadores<\/h2><div class='special-heading-border'><div class='special-heading-inner-border' ><\/div><\/div><\/div><br \/>\n<section class=\"av_textblock_section \"  itemscope=\"itemscope\" itemtype=\"https:\/\/schema.org\/CreativeWork\" ><div class='avia_textblock  '   itemprop=\"text\" ><h5>DIAGN\u00d3STICO Y REPARACI\u00d3N<\/h5>\n<p>\u2013 Sistema de lubricaci\u00f3n<\/p>\n<p>\u2013 Paralelismo y nivelaci\u00f3n<\/p>\n<p>\u2013 Reapriete de conexiones el\u00e9ctricas<\/p>\n<p>\u2013 Estado de motores<\/p>\n<p>\u2013 Consumos<\/p>\n<p>\u2013 Fugas neum\u00e1ticas \/ hidr\u00e1ulicas<\/p>\n<p>\u2013 Tiempo de frenado \/ embrague<\/p>\n<h5>REVISI\u00d3N DE SISTEMA DE SEGURIDAD<\/h5>\n<p>\u2013 V\u00e1lvula DVS<\/p>\n<p>\u2013 Mando Bimanual<\/p>\n<p>\u2013 Paros de emergencia<\/p>\n<p>\u2013 Cortinas de luz<\/p>\n<p>\u2013 Die block<\/p>\n<h5><strong>LIMPIEZA DE EQUIPO<\/strong><\/h5>\n<h5>\n<strong>AJUSTE DE PRESIONES<\/strong><\/h5>\n<h5>\n<strong>PRUEBAS DE LIBERACI\u00d3N<\/strong><\/h5>\n<h5>\n<strong>ELABORACI\u00d3N DE REPORTE<\/strong><\/h5>\n<\/div><\/section><\/p><\/div>\n<div class=\"flex_column av_one_half  flex_column_div av-zero-column-padding   avia-builder-el-14  el_after_av_one_half  avia-builder-el-last  column-top-margin\" style='border-radius:0px; '><p><div  style='padding-bottom:10px; ' class='av-special-heading av-special-heading-h2  blockquote modern-quote  avia-builder-el-15  el_before_av_textblock  avia-builder-el-first  '><h2 class='av-special-heading-tag '  itemprop=\"headline\"  >Maquinaria CNC<\/h2><div class='special-heading-border'><div class='special-heading-inner-border' ><\/div><\/div><\/div><br \/>\n<section class=\"av_textblock_section \"  itemscope=\"itemscope\" itemtype=\"https:\/\/schema.org\/CreativeWork\" ><div class='avia_textblock  '   itemprop=\"text\" ><h5>REVISI\u00d3N Y AJUSTE<\/h5>\n<p>\u2013 Banda de husillo<\/p>\n<p>\u2013 Flujo de grasa en chumaceras y baleros<\/p>\n<p>\u2013 Puntos de lubricaci\u00f3n<\/p>\n<p>\u2013 Filtros de retorno de aceite<\/p>\n<p>\u2013 Electrov\u00e1lvulas hidr\u00e1ulicas y pneum\u00e1ticas<\/p>\n<p>\u2013 Mangueras hidr\u00e1ulicas y pneum\u00e1ticas<\/p>\n<p>\u2013 Cortinas de seguridad<\/p>\n<p>\u2013 Conexiones y cables<\/p>\n<p>\u2013 Backlash en mesa y husillo<\/p>\n<p>\u2013 Entrada de voltaje a 220V<\/p>\n<p>\u2013 Carrusel de herramientas<\/p>\n<p>\u2013 Banda<\/p>\n<p>\u2013 Botoneras<\/p>\n<p>\u2013 Gu\u00edas lineales<\/p>\n<p>\u2013 Presi\u00f3n de aire<\/p>\n<p>\u2013 Micro ejes X,Y,Z<\/p>\n<h4>REAPRIETE Y LIMPIEZA<\/h4>\n<p>\u2013 Conexiones del motor<\/p>\n<p>\u2013 Torniller\u00eda tablero principal<\/p>\n<p>\u2013 Tarjetas electr\u00f3nicas<\/p>\n<p>\u2013 Dep\u00f3sito de soluble<\/p>\n<h5>REVISI\u00d3N Y LIMPIEZA<\/h5>\n<p>\u2013 Dep\u00f3sito de lubricaci\u00f3n<\/p>\n<p>\u2013 Filtro de aire<\/p>\n<h5>NIVELACI\u00d3N DE EQUIPO<\/h5>\n<h5>REPORTES<\/h5>\n<\/div><\/section><\/p><\/div>\n","protected":false},"excerpt":{"rendered":"","protected":false},"author":1,"featured_media":0,"parent":0,"menu_order":0,"comment_status":"closed","ping_status":"closed","template":"","meta":{"_monsterinsights_skip_tracking":false,"_monsterinsights_sitenote_active":false,"_monsterinsights_sitenote_note":"","_monsterinsights_sitenote_category":0,"_joinchat":[]},"yoast_head":"<!-- This site is optimized with the Yoast SEO plugin v21.1 - https:\/\/yoast.com\/wordpress\/plugins\/seo\/ -->\n<title>Servicio T\u00e9cnico - Latinatek<\/title>\n<meta name=\"robots\" content=\"index, follow, max-snippet:-1, max-image-preview:large, max-video-preview:-1\" \/>\n<link rel=\"canonical\" href=\"https:\/\/latinatek.com.mx\/website\/servicio-tecnico\/\" \/>\n<meta property=\"og:locale\" content=\"es_ES\" \/>\n<meta property=\"og:type\" content=\"article\" \/>\n<meta property=\"og:title\" content=\"Servicio T\u00e9cnico - Latinatek\" \/>\n<meta property=\"og:url\" content=\"https:\/\/latinatek.com.mx\/website\/servicio-tecnico\/\" \/>\n<meta property=\"og:site_name\" content=\"Latinatek\" \/>\n<meta property=\"article:modified_time\" content=\"2023-05-15T17:04:31+00:00\" \/>\n<meta name=\"twitter:card\" content=\"summary_large_image\" \/>\n<meta name=\"twitter:label1\" content=\"Tiempo de lectura\" \/>\n\t<meta name=\"twitter:data1\" content=\"4 minutos\" \/>\n<script type=\"application\/ld+json\" class=\"yoast-schema-graph\">{\"@context\":\"https:\/\/schema.org\",\"@graph\":[{\"@type\":\"WebPage\",\"@id\":\"https:\/\/latinatek.com.mx\/website\/servicio-tecnico\/\",\"url\":\"https:\/\/latinatek.com.mx\/website\/servicio-tecnico\/\",\"name\":\"Servicio T\u00e9cnico - Latinatek\",\"isPartOf\":{\"@id\":\"https:\/\/latinatek.com.mx\/website\/en\/#website\"},\"datePublished\":\"2018-04-11T20:45:57+00:00\",\"dateModified\":\"2023-05-15T17:04:31+00:00\",\"breadcrumb\":{\"@id\":\"https:\/\/latinatek.com.mx\/website\/servicio-tecnico\/#breadcrumb\"},\"inLanguage\":\"es\",\"potentialAction\":[{\"@type\":\"ReadAction\",\"target\":[\"https:\/\/latinatek.com.mx\/website\/servicio-tecnico\/\"]}]},{\"@type\":\"BreadcrumbList\",\"@id\":\"https:\/\/latinatek.com.mx\/website\/servicio-tecnico\/#breadcrumb\",\"itemListElement\":[{\"@type\":\"ListItem\",\"position\":1,\"name\":\"Home\",\"item\":\"https:\/\/latinatek.com.mx\/website\/home\/\"},{\"@type\":\"ListItem\",\"position\":2,\"name\":\"Servicio T\u00e9cnico\"}]},{\"@type\":\"WebSite\",\"@id\":\"https:\/\/latinatek.com.mx\/website\/en\/#website\",\"url\":\"https:\/\/latinatek.com.mx\/website\/en\/\",\"name\":\"Latinatek\",\"description\":\"The partner of choice for the entrepreneur\",\"potentialAction\":[{\"@type\":\"SearchAction\",\"target\":{\"@type\":\"EntryPoint\",\"urlTemplate\":\"https:\/\/latinatek.com.mx\/website\/en\/?s={search_term_string}\"},\"query-input\":\"required name=search_term_string\"}],\"inLanguage\":\"es\"}]}<\/script>\n<!-- \/ Yoast SEO plugin. -->","yoast_head_json":{"title":"Servicio T\u00e9cnico - Latinatek","robots":{"index":"index","follow":"follow","max-snippet":"max-snippet:-1","max-image-preview":"max-image-preview:large","max-video-preview":"max-video-preview:-1"},"canonical":"https:\/\/latinatek.com.mx\/website\/servicio-tecnico\/","og_locale":"es_ES","og_type":"article","og_title":"Servicio T\u00e9cnico - Latinatek","og_url":"https:\/\/latinatek.com.mx\/website\/servicio-tecnico\/","og_site_name":"Latinatek","article_modified_time":"2023-05-15T17:04:31+00:00","twitter_card":"summary_large_image","twitter_misc":{"Tiempo de lectura":"4 minutos"},"schema":{"@context":"https:\/\/schema.org","@graph":[{"@type":"WebPage","@id":"https:\/\/latinatek.com.mx\/website\/servicio-tecnico\/","url":"https:\/\/latinatek.com.mx\/website\/servicio-tecnico\/","name":"Servicio T\u00e9cnico - Latinatek","isPartOf":{"@id":"https:\/\/latinatek.com.mx\/website\/en\/#website"},"datePublished":"2018-04-11T20:45:57+00:00","dateModified":"2023-05-15T17:04:31+00:00","breadcrumb":{"@id":"https:\/\/latinatek.com.mx\/website\/servicio-tecnico\/#breadcrumb"},"inLanguage":"es","potentialAction":[{"@type":"ReadAction","target":["https:\/\/latinatek.com.mx\/website\/servicio-tecnico\/"]}]},{"@type":"BreadcrumbList","@id":"https:\/\/latinatek.com.mx\/website\/servicio-tecnico\/#breadcrumb","itemListElement":[{"@type":"ListItem","position":1,"name":"Home","item":"https:\/\/latinatek.com.mx\/website\/home\/"},{"@type":"ListItem","position":2,"name":"Servicio T\u00e9cnico"}]},{"@type":"WebSite","@id":"https:\/\/latinatek.com.mx\/website\/en\/#website","url":"https:\/\/latinatek.com.mx\/website\/en\/","name":"Latinatek","description":"The partner of choice for the entrepreneur","potentialAction":[{"@type":"SearchAction","target":{"@type":"EntryPoint","urlTemplate":"https:\/\/latinatek.com.mx\/website\/en\/?s={search_term_string}"},"query-input":"required name=search_term_string"}],"inLanguage":"es"}]}},"_links":{"self":[{"href":"https:\/\/latinatek.com.mx\/website\/wp-json\/wp\/v2\/pages\/4127"}],"collection":[{"href":"https:\/\/latinatek.com.mx\/website\/wp-json\/wp\/v2\/pages"}],"about":[{"href":"https:\/\/latinatek.com.mx\/website\/wp-json\/wp\/v2\/types\/page"}],"author":[{"embeddable":true,"href":"https:\/\/latinatek.com.mx\/website\/wp-json\/wp\/v2\/users\/1"}],"replies":[{"embeddable":true,"href":"https:\/\/latinatek.com.mx\/website\/wp-json\/wp\/v2\/comments?post=4127"}],"version-history":[{"count":34,"href":"https:\/\/latinatek.com.mx\/website\/wp-json\/wp\/v2\/pages\/4127\/revisions"}],"predecessor-version":[{"id":5797,"href":"https:\/\/latinatek.com.mx\/website\/wp-json\/wp\/v2\/pages\/4127\/revisions\/5797"}],"wp:attachment":[{"href":"https:\/\/latinatek.com.mx\/website\/wp-json\/wp\/v2\/media?parent=4127"}],"curies":[{"name":"wp","href":"https:\/\/api.w.org\/{rel}","templated":true}]}}