{"id":4140,"date":"2018-04-11T15:09:03","date_gmt":"2018-04-11T21:09:03","guid":{"rendered":"http:\/\/latinatek.com.mx\/index.php\/productos\/"},"modified":"2023-09-12T11:31:37","modified_gmt":"2023-09-12T17:31:37","slug":"maquinaria","status":"publish","type":"page","link":"https:\/\/latinatek.com.mx\/website\/maquinaria\/","title":{"rendered":"Productos"},"content":{"rendered":"<div class=\"flex_column av_one_full  flex_column_div av-zero-column-padding first  avia-builder-el-0  el_before_av_heading  avia-builder-el-first  \" style='border-radius:0px; '><\/div>\n<div  style='padding-bottom:10px; ' class='av-special-heading av-special-heading-h2  blockquote modern-quote modern-centered  avia-builder-el-1  el_after_av_one_full  el_before_av_one_full  '><h2 class='av-special-heading-tag '  itemprop=\"headline\"  >PRODUCTOS<\/h2><div class='special-heading-border'><div class='special-heading-inner-border' ><\/div><\/div><\/div>\n<div class=\"flex_column av_one_full  flex_column_div first  avia-builder-el-2  el_after_av_heading  el_before_av_one_full  \" ><div  id=\"av-sc-portfolio-1\"  class=\"av-portfolio-grid-sorting-container\"><div class='sort_width_container  av-sort-yes' data-portfolio-id='1' ><div id='js_sort_items' ><div class='sort_by_cat  '><a href=\"#\" data-filter=\"all_sort\" class=\"all_sort_button active_sort\"><span class=\"inner_sort_button\"><span>Todo<\/span><small class=\"av-cat-count\"> 4 <\/small><\/span><\/a><span class='text-sep alimentadores_sort_sep'>\/<\/span><a href=\"#\" data-filter=\"alimentadores_sort\" class=\"alimentadores_sort_button\" ><span class=\"inner_sort_button\"><span>Alimentadores de l\u00e1mina<\/span><small class='av-cat-count'> 1 <\/small><\/span><\/a><span class='text-sep lineas-de-corte_sort_sep'>\/<\/span><a href=\"#\" data-filter=\"lineas-de-corte_sort\" class=\"lineas-de-corte_sort_button\" ><span class=\"inner_sort_button\"><span>L\u00edneas de corte<\/span><small class='av-cat-count'> 1 <\/small><\/span><\/a><span class='text-sep lubricadores_sort_sep'>\/<\/span><a href=\"#\" data-filter=\"lubricadores_sort\" class=\"lubricadores_sort_button\" ><span class=\"inner_sort_button\"><span>Lubricadores<\/span><small class='av-cat-count'> 1 <\/small><\/span><\/a><span class='text-sep prensas_sort_sep'>\/<\/span><a href=\"#\" data-filter=\"prensas_sort\" class=\"prensas_sort_button\" ><span class=\"inner_sort_button\"><span>Prensas<\/span><small class='av-cat-count'> 1 <\/small><\/span><\/a><\/div><\/div><\/div><div  class=' grid-sort-container isotope   av-medium-columns-overwrite av-medium-columns-4 av-small-columns-overwrite av-small-columns-2 av-mini-columns-overwrite av-mini-columns-2 no_margin-container with-excerpt-container grid-total-even grid-col-4 grid-links-' data-portfolio-id='1'><div data-ajax-id='4239' class=' grid-entry flex_column isotope-item all_sort no_margin post-entry post-entry-4239 grid-entry-overview grid-loop-1 grid-parity-odd  alimentadores_sort  av_one_fourth first default_av_fullwidth '><article class='main_color inner-entry'  itemscope=\"itemscope\" itemtype=\"https:\/\/schema.org\/CreativeWork\" ><a href='https:\/\/latinatek.com.mx\/website\/portfolio-item\/alimentadores-de-lamina\/' title='Alimentadores de l\u00e1mina'  data-rel='grid-1' class='grid-image avia-hover-fx'><img width=\"260\" height=\"185\" src=\"https:\/\/latinatek.com.mx\/website\/wp-content\/uploads\/2017\/04\/feeders_feat-260x185.jpg\" class=\"attachment-portfolio_small size-portfolio_small wp-post-image\" alt=\"Servo Feeders\" decoding=\"async\" loading=\"lazy\" srcset=\"https:\/\/latinatek.com.mx\/website\/wp-content\/uploads\/2017\/04\/feeders_feat-260x185.jpg 260w, https:\/\/latinatek.com.mx\/website\/wp-content\/uploads\/2017\/04\/feeders_feat-300x213.jpg 300w, https:\/\/latinatek.com.mx\/website\/wp-content\/uploads\/2017\/04\/feeders_feat.jpg 340w\" sizes=\"(max-width: 260px) 100vw, 260px\" \/><\/a><div class='grid-content'><div class='avia-arrow'><\/div><header class=\"entry-content-header\"><h3 class='grid-entry-title entry-title '  itemprop=\"headline\" ><a href='https:\/\/latinatek.com.mx\/website\/portfolio-item\/alimentadores-de-lamina\/' title='Alimentadores de l\u00e1mina'>Alimentadores de l\u00e1mina<\/a><\/h3><\/header><\/div><footer class=\"entry-footer\"><\/footer><\/article><\/div><div data-ajax-id='4157' class=' grid-entry flex_column isotope-item all_sort no_margin post-entry post-entry-4157 grid-entry-overview grid-loop-2 grid-parity-even  prensas_sort  av_one_fourth  default_av_fullwidth '><article class='main_color inner-entry'  itemscope=\"itemscope\" itemtype=\"https:\/\/schema.org\/CreativeWork\" ><a href='https:\/\/latinatek.com.mx\/website\/portfolio-item\/prensas\/' title='Prensas'  data-rel='grid-1' class='grid-image avia-hover-fx'><img width=\"260\" height=\"185\" src=\"https:\/\/latinatek.com.mx\/website\/wp-content\/uploads\/2011\/12\/presses_feat-260x185.jpg\" class=\"attachment-portfolio_small size-portfolio_small wp-post-image\" alt=\"Presses\" decoding=\"async\" loading=\"lazy\" srcset=\"https:\/\/latinatek.com.mx\/website\/wp-content\/uploads\/2011\/12\/presses_feat-260x185.jpg 260w, https:\/\/latinatek.com.mx\/website\/wp-content\/uploads\/2011\/12\/presses_feat-300x213.jpg 300w, https:\/\/latinatek.com.mx\/website\/wp-content\/uploads\/2011\/12\/presses_feat.jpg 340w\" sizes=\"(max-width: 260px) 100vw, 260px\" \/><\/a><div class='grid-content'><div class='avia-arrow'><\/div><header class=\"entry-content-header\"><h3 class='grid-entry-title entry-title '  itemprop=\"headline\" ><a href='https:\/\/latinatek.com.mx\/website\/portfolio-item\/prensas\/' title='Prensas'>Prensas<\/a><\/h3><\/header><\/div><footer class=\"entry-footer\"><\/footer><\/article><\/div><div data-ajax-id='4241' class=' grid-entry flex_column isotope-item all_sort no_margin post-entry post-entry-4241 grid-entry-overview grid-loop-3 grid-parity-odd  lineas-de-corte_sort  av_one_fourth  default_av_fullwidth '><article class='main_color inner-entry'  itemscope=\"itemscope\" itemtype=\"https:\/\/schema.org\/CreativeWork\" ><a href='https:\/\/latinatek.com.mx\/website\/portfolio-item\/slitting-cut-to-length-lines\/' title='L\u00edneas de corte'  data-rel='grid-1' class='grid-image avia-hover-fx'><img width=\"260\" height=\"185\" src=\"https:\/\/latinatek.com.mx\/website\/wp-content\/uploads\/2017\/04\/cuttp\u00f1emgth-feat-260x185.jpg\" class=\"attachment-portfolio_small size-portfolio_small wp-post-image\" alt=\"L\u00edneas de corte\" decoding=\"async\" loading=\"lazy\" srcset=\"https:\/\/latinatek.com.mx\/website\/wp-content\/uploads\/2017\/04\/cuttp\u00f1emgth-feat-260x185.jpg 260w, https:\/\/latinatek.com.mx\/website\/wp-content\/uploads\/2017\/04\/cuttp\u00f1emgth-feat-300x213.jpg 300w, https:\/\/latinatek.com.mx\/website\/wp-content\/uploads\/2017\/04\/cuttp\u00f1emgth-feat.jpg 340w\" sizes=\"(max-width: 260px) 100vw, 260px\" \/><\/a><div class='grid-content'><div class='avia-arrow'><\/div><header class=\"entry-content-header\"><h3 class='grid-entry-title entry-title '  itemprop=\"headline\" ><a href='https:\/\/latinatek.com.mx\/website\/portfolio-item\/slitting-cut-to-length-lines\/' title='L\u00edneas de corte'>L\u00edneas de corte<\/a><\/h3><\/header><\/div><footer class=\"entry-footer\"><\/footer><\/article><\/div><div data-ajax-id='4541' class=' grid-entry flex_column isotope-item all_sort no_margin post-entry post-entry-4541 grid-entry-overview grid-loop-4 grid-parity-even  post-entry-last  lubricadores_sort  av_one_fourth  default_av_fullwidth '><article class='main_color inner-entry'  itemscope=\"itemscope\" itemtype=\"https:\/\/schema.org\/CreativeWork\" ><a href='https:\/\/latinatek.com.mx\/website\/portfolio-item\/lubricadores-de-lamina\/' title='Lubricadores de l\u00e1mina'  data-rel='grid-1' class='grid-image avia-hover-fx'><img width=\"260\" height=\"185\" src=\"https:\/\/latinatek.com.mx\/website\/wp-content\/uploads\/2019\/09\/Oilers-2-260x185.png\" class=\"attachment-portfolio_small size-portfolio_small wp-post-image\" alt=\"\" decoding=\"async\" loading=\"lazy\" \/><\/a><div class='grid-content'><div class='avia-arrow'><\/div><header class=\"entry-content-header\"><h3 class='grid-entry-title entry-title '  itemprop=\"headline\" ><a href='https:\/\/latinatek.com.mx\/website\/portfolio-item\/lubricadores-de-lamina\/' title='Lubricadores de l\u00e1mina'>Lubricadores de l\u00e1mina<\/a><\/h3><\/header><\/div><footer class=\"entry-footer\"><\/footer><\/article><\/div><\/div><\/div>   <!--   class=\"av-portfolio-grid-sorting-container\"  --><\/div><div class=\"flex_column av_one_full  flex_column_div av-zero-column-padding first  avia-builder-el-4  el_after_av_one_full  el_before_av_textblock  column-top-margin\" style='border-radius:0px; '><\/div><\/p>\n<section class=\"av_textblock_section \"  itemscope=\"itemscope\" itemtype=\"https:\/\/schema.org\/CreativeWork\" ><div class='avia_textblock  '  style='font-size:19px; '  itemprop=\"text\" ><p style=\"text-align: center;\">En <strong>Latinatek<\/strong> ofrecemos prensas de calidad, servo-alimentadores y maquinaria CNC para venta inmediata en todo M\u00e9xico. Nos enfocamos en brindar un excelente servicio al cliente y valor a\u00f1adido. Nos asociamos con nuestros clientes para actualizar su maquinaria y mejorar la calidad, seguridad y productividad. Adaptamos los planes a las necesidades de crecimiento y financiamiento de cada cliente.<\/p>\n<p style=\"text-align: center;\">En<strong> Latinatek<\/strong>, estamos preparados para responder r\u00e1pidamente a sus necesidades de sustituci\u00f3n en caso de aver\u00edas, permiti\u00e9ndole reanudar la producci\u00f3n y cumplir con los env\u00edos comprometidos. Contamos con un equipo de ingenieros especializados en servicio que se dedican a mantener el funcionamiento continuo de nuestras prensas y servo-alimentadores.<\/p>\n<\/div><\/section>\n<div class=\"flex_column av_one_full  flex_column_div av-zero-column-padding first  avia-builder-el-6  el_after_av_textblock  el_before_av_image  column-top-margin\" style='border-radius:0px; '><\/div>\n<div  class='avia-image-container  av-styling- av-hover-grow   avia-builder-el-7  el_after_av_one_full  el_before_av_hr  avia-align-center '  itemprop=\"image\" itemscope=\"itemscope\" itemtype=\"https:\/\/schema.org\/ImageObject\"  ><div class='avia-image-container-inner'><div class='avia-image-overlay-wrap'><a href='https:\/\/latinatek.com.mx\/website\/portfolio-item\/cnc-y-maquinaria-convencional\/' class='avia_image'  ><img class='avia_image ' src='https:\/\/latinatek.com.mx\/website\/wp-content\/uploads\/2023\/07\/BANNERS-PARA-WEB-1-1-scaled.jpg' alt='' title='BANNERS PARA WEB 1'  itemprop=\"thumbnailUrl\"  \/><\/a><\/div><\/div><\/div>\n<div  style='height:50px' class='hr hr-invisible   avia-builder-el-8  el_after_av_image  el_before_av_hr '><span class='hr-inner ' ><span class='hr-inner-style'><\/span><\/span><\/div>\n<div  style='height:50px' class='hr hr-invisible   avia-builder-el-9  el_after_av_hr  avia-builder-el-last '><span class='hr-inner ' ><span class='hr-inner-style'><\/span><\/span><\/div>\n","protected":false},"excerpt":{"rendered":"","protected":false},"author":1,"featured_media":0,"parent":0,"menu_order":0,"comment_status":"closed","ping_status":"closed","template":"","meta":{"_monsterinsights_skip_tracking":false,"_monsterinsights_sitenote_active":false,"_monsterinsights_sitenote_note":"","_monsterinsights_sitenote_category":0,"_joinchat":[]},"yoast_head":"<!-- This site is optimized with the Yoast SEO plugin v21.1 - https:\/\/yoast.com\/wordpress\/plugins\/seo\/ -->\n<title>Productos - Latinatek<\/title>\n<meta name=\"description\" content=\"Machinery. Presses, coil feeders, slitting and cut to length lines, cnc and conventional machines\" \/>\n<meta name=\"robots\" content=\"index, follow, max-snippet:-1, max-image-preview:large, max-video-preview:-1\" \/>\n<link rel=\"canonical\" href=\"https:\/\/latinatek.com.mx\/website\/maquinaria\/\" \/>\n<meta property=\"og:locale\" content=\"es_ES\" \/>\n<meta property=\"og:type\" content=\"article\" \/>\n<meta property=\"og:title\" content=\"Productos - Latinatek\" \/>\n<meta property=\"og:description\" content=\"Machinery. Presses, coil feeders, slitting and cut to length lines, cnc and conventional machines\" \/>\n<meta property=\"og:url\" content=\"https:\/\/latinatek.com.mx\/website\/maquinaria\/\" \/>\n<meta property=\"og:site_name\" content=\"Latinatek\" \/>\n<meta property=\"article:modified_time\" content=\"2023-09-12T17:31:37+00:00\" \/>\n<meta name=\"twitter:card\" content=\"summary_large_image\" \/>\n<meta name=\"twitter:label1\" content=\"Tiempo de lectura\" \/>\n\t<meta name=\"twitter:data1\" content=\"2 minutos\" \/>\n<script type=\"application\/ld+json\" class=\"yoast-schema-graph\">{\"@context\":\"https:\/\/schema.org\",\"@graph\":[{\"@type\":\"WebPage\",\"@id\":\"https:\/\/latinatek.com.mx\/website\/maquinaria\/\",\"url\":\"https:\/\/latinatek.com.mx\/website\/maquinaria\/\",\"name\":\"Productos - Latinatek\",\"isPartOf\":{\"@id\":\"https:\/\/latinatek.com.mx\/website\/en\/#website\"},\"datePublished\":\"2018-04-11T21:09:03+00:00\",\"dateModified\":\"2023-09-12T17:31:37+00:00\",\"description\":\"Machinery. Presses, coil feeders, slitting and cut to length lines, cnc and conventional machines\",\"breadcrumb\":{\"@id\":\"https:\/\/latinatek.com.mx\/website\/maquinaria\/#breadcrumb\"},\"inLanguage\":\"es\",\"potentialAction\":[{\"@type\":\"ReadAction\",\"target\":[\"https:\/\/latinatek.com.mx\/website\/maquinaria\/\"]}]},{\"@type\":\"BreadcrumbList\",\"@id\":\"https:\/\/latinatek.com.mx\/website\/maquinaria\/#breadcrumb\",\"itemListElement\":[{\"@type\":\"ListItem\",\"position\":1,\"name\":\"Home\",\"item\":\"https:\/\/latinatek.com.mx\/website\/home\/\"},{\"@type\":\"ListItem\",\"position\":2,\"name\":\"Productos\"}]},{\"@type\":\"WebSite\",\"@id\":\"https:\/\/latinatek.com.mx\/website\/en\/#website\",\"url\":\"https:\/\/latinatek.com.mx\/website\/en\/\",\"name\":\"Latinatek\",\"description\":\"The partner of choice for the entrepreneur\",\"potentialAction\":[{\"@type\":\"SearchAction\",\"target\":{\"@type\":\"EntryPoint\",\"urlTemplate\":\"https:\/\/latinatek.com.mx\/website\/en\/?s={search_term_string}\"},\"query-input\":\"required name=search_term_string\"}],\"inLanguage\":\"es\"}]}<\/script>\n<!-- \/ Yoast SEO plugin. -->","yoast_head_json":{"title":"Productos - Latinatek","description":"Machinery. Presses, coil feeders, slitting and cut to length lines, cnc and conventional machines","robots":{"index":"index","follow":"follow","max-snippet":"max-snippet:-1","max-image-preview":"max-image-preview:large","max-video-preview":"max-video-preview:-1"},"canonical":"https:\/\/latinatek.com.mx\/website\/maquinaria\/","og_locale":"es_ES","og_type":"article","og_title":"Productos - Latinatek","og_description":"Machinery. Presses, coil feeders, slitting and cut to length lines, cnc and conventional machines","og_url":"https:\/\/latinatek.com.mx\/website\/maquinaria\/","og_site_name":"Latinatek","article_modified_time":"2023-09-12T17:31:37+00:00","twitter_card":"summary_large_image","twitter_misc":{"Tiempo de lectura":"2 minutos"},"schema":{"@context":"https:\/\/schema.org","@graph":[{"@type":"WebPage","@id":"https:\/\/latinatek.com.mx\/website\/maquinaria\/","url":"https:\/\/latinatek.com.mx\/website\/maquinaria\/","name":"Productos - Latinatek","isPartOf":{"@id":"https:\/\/latinatek.com.mx\/website\/en\/#website"},"datePublished":"2018-04-11T21:09:03+00:00","dateModified":"2023-09-12T17:31:37+00:00","description":"Machinery. Presses, coil feeders, slitting and cut to length lines, cnc and conventional machines","breadcrumb":{"@id":"https:\/\/latinatek.com.mx\/website\/maquinaria\/#breadcrumb"},"inLanguage":"es","potentialAction":[{"@type":"ReadAction","target":["https:\/\/latinatek.com.mx\/website\/maquinaria\/"]}]},{"@type":"BreadcrumbList","@id":"https:\/\/latinatek.com.mx\/website\/maquinaria\/#breadcrumb","itemListElement":[{"@type":"ListItem","position":1,"name":"Home","item":"https:\/\/latinatek.com.mx\/website\/home\/"},{"@type":"ListItem","position":2,"name":"Productos"}]},{"@type":"WebSite","@id":"https:\/\/latinatek.com.mx\/website\/en\/#website","url":"https:\/\/latinatek.com.mx\/website\/en\/","name":"Latinatek","description":"The partner of choice for the entrepreneur","potentialAction":[{"@type":"SearchAction","target":{"@type":"EntryPoint","urlTemplate":"https:\/\/latinatek.com.mx\/website\/en\/?s={search_term_string}"},"query-input":"required name=search_term_string"}],"inLanguage":"es"}]}},"_links":{"self":[{"href":"https:\/\/latinatek.com.mx\/website\/wp-json\/wp\/v2\/pages\/4140"}],"collection":[{"href":"https:\/\/latinatek.com.mx\/website\/wp-json\/wp\/v2\/pages"}],"about":[{"href":"https:\/\/latinatek.com.mx\/website\/wp-json\/wp\/v2\/types\/page"}],"author":[{"embeddable":true,"href":"https:\/\/latinatek.com.mx\/website\/wp-json\/wp\/v2\/users\/1"}],"replies":[{"embeddable":true,"href":"https:\/\/latinatek.com.mx\/website\/wp-json\/wp\/v2\/comments?post=4140"}],"version-history":[{"count":29,"href":"https:\/\/latinatek.com.mx\/website\/wp-json\/wp\/v2\/pages\/4140\/revisions"}],"predecessor-version":[{"id":5989,"href":"https:\/\/latinatek.com.mx\/website\/wp-json\/wp\/v2\/pages\/4140\/revisions\/5989"}],"wp:attachment":[{"href":"https:\/\/latinatek.com.mx\/website\/wp-json\/wp\/v2\/media?parent=4140"}],"curies":[{"name":"wp","href":"https:\/\/api.w.org\/{rel}","templated":true}]}}