{"id":5509,"date":"2020-06-16T09:12:26","date_gmt":"2020-06-16T15:12:26","guid":{"rendered":"http:\/\/latinatek.com.mx\/?page_id=5509"},"modified":"2020-06-16T09:12:28","modified_gmt":"2020-06-16T15:12:28","slug":"politica-de-calidad","status":"publish","type":"page","link":"https:\/\/latinatek.com.mx\/website\/politica-de-calidad\/","title":{"rendered":"Politica de Calidad"},"content":{"rendered":"\n<h1><strong>POL\u00cdTICA DE CALIDAD<\/strong><\/h1>\n\n\n\n<p>\u201c<strong>LATINATEK<\/strong> es una organizaci\u00f3n que ofrece desarrollar los Procesos de Manufactura de Ensambles Met\u00e1licos y Estampados para la Industria Metal Mec\u00e1nica, garantizando el cumplimiento de los requerimientos de los clientes, en calidad del producto, tiempo de entrega y precios competitivos, aplicando siempre la mejora continua, con personal competente y comprometido, cuidando el medio ambiente y el entorno social\u201d<\/p>\n\n\n\n<h1><strong>VISI\u00d3N<\/strong><\/h1>\n\n\n\n<p>Ser en un Proveedor de excelencia del Cl\u00faster Metal-Mec\u00e1nico de la Zona Baj\u00edo en Procesos de Desarrollo y Manufactura de Ensambles Met\u00e1licos y Estampados para la Industria Metal Mec\u00e1nica adapt\u00e1ndose a las necesidades de cada cliente.<\/p>\n\n\n\n<h2><strong>MISI\u00d3N<\/strong><\/h2>\n\n\n\n<p>Ofrecemos Procesos de Desarrollo y Manufactura de Ensambles Met\u00e1licos y Estampados para la Industria Metal Mec\u00e1nica comprometi\u00e9ndose a alcanzar los requerimientos y Objetivos de las Partes Interesadas.<\/p>\n\n\n\n<h2><strong>NUESTROS VALORES<\/strong><\/h2>\n\n\n\n<p><strong>Honestidad: <\/strong>Abordamos las circunstancias de manera abierta y honesta, tanto internamente como con nuestros clientes y proveedores. Queremos construir relaciones s\u00f3lidas y humanas basadas en la confianza y la integridad.<\/p>\n\n\n\n<p><strong>Respeto: <\/strong>Valoramos y respetamos la integridad de todos nuestros empleados, clientes y proveedores.<\/p>\n\n\n\n<p><strong>Justicia: <\/strong>Todos los miembros del equipo reciben un trato justo y equitativo. Respetamos los derechos de hombres y mujeres en la empresa y ofrecemos las mismas oportunidades de crecimiento y desarrollo para todos y cada uno.<strong>Trabajo en equipo: <\/strong>Respetamos las opiniones de los dem\u00e1s y discutimos los asuntos de manera franca, respetuosa y justa. Trabajamos din\u00e1micamente y juntos para lograr objetivos comunes dentro de una filosof\u00eda de ganar-ganar.<\/p>\n\n\n\n<h2><strong>OBJETIVOS DEL SISTEMA DE GESTI\u00d3N DE CALIDAD<\/strong><\/h2>\n\n\n\n<p>Los objetivos de calidad son establecidos y aprobados por la Direcci\u00f3n General de LATINATEK, S.A. de C.V. en los niveles y en las funciones correspondientes dentro de la empresa.<\/p>\n\n\n\n<ul><li>Proveedores Confiables en calidad y tiempo de Entrega 95%.<\/li><li>Cumplimiento del Timeline de cada proyecto al 95%.<\/li><li>Cumplimiento de Producci\u00f3n VS Requerimiento del cliente al 100%.<\/li><li>Tiempo Muerto en Maquinaria 3%.<\/li><li>Cumplimiento en el Programa de Mantenimiento de Maquinar\u00eda 95%.<\/li><li>Reclamaciones de Clientes 1% de Rechazo M\u00e1ximo.<\/li><li>Numero de No conformidades Internas &#8211; \u00f3 = que 10 \/ No conformidades Externas -= que 5.<\/li><\/ul>\n\n\n\n<p><\/p>\n","protected":false},"excerpt":{"rendered":"<p>POL\u00cdTICA DE CALIDAD \u201cLATINATEK es una organizaci\u00f3n que ofrece desarrollar los Procesos de Manufactura de Ensambles Met\u00e1licos y Estampados para la Industria Metal Mec\u00e1nica, garantizando el cumplimiento de los requerimientos de los clientes, en calidad del producto, tiempo de entrega y precios competitivos, aplicando siempre la mejora continua, con personal competente y comprometido, cuidando el [&hellip;]<\/p>\n","protected":false},"author":3,"featured_media":0,"parent":0,"menu_order":0,"comment_status":"closed","ping_status":"closed","template":"","meta":{"_monsterinsights_skip_tracking":false,"_monsterinsights_sitenote_active":false,"_monsterinsights_sitenote_note":"","_monsterinsights_sitenote_category":0,"_joinchat":[]},"yoast_head":"<!-- This site is optimized with the Yoast SEO plugin v21.1 - https:\/\/yoast.com\/wordpress\/plugins\/seo\/ -->\n<title>Politica de Calidad - Latinatek<\/title>\n<meta name=\"robots\" content=\"index, follow, max-snippet:-1, max-image-preview:large, max-video-preview:-1\" \/>\n<link rel=\"canonical\" href=\"https:\/\/latinatek.com.mx\/website\/politica-de-calidad\/\" \/>\n<meta property=\"og:locale\" content=\"es_ES\" \/>\n<meta property=\"og:type\" content=\"article\" \/>\n<meta property=\"og:title\" content=\"Politica de Calidad - Latinatek\" \/>\n<meta property=\"og:description\" content=\"POL\u00cdTICA DE CALIDAD \u201cLATINATEK es una organizaci\u00f3n que ofrece desarrollar los Procesos de Manufactura de Ensambles Met\u00e1licos y Estampados para la Industria Metal Mec\u00e1nica, garantizando el cumplimiento de los requerimientos de los clientes, en calidad del producto, tiempo de entrega y precios competitivos, aplicando siempre la mejora continua, con personal competente y comprometido, cuidando el [&hellip;]\" \/>\n<meta property=\"og:url\" content=\"https:\/\/latinatek.com.mx\/website\/politica-de-calidad\/\" \/>\n<meta property=\"og:site_name\" content=\"Latinatek\" \/>\n<meta property=\"article:modified_time\" content=\"2020-06-16T15:12:28+00:00\" \/>\n<meta name=\"twitter:card\" content=\"summary_large_image\" \/>\n<meta name=\"twitter:label1\" content=\"Tiempo de lectura\" \/>\n\t<meta name=\"twitter:data1\" content=\"2 minutos\" \/>\n<script type=\"application\/ld+json\" class=\"yoast-schema-graph\">{\"@context\":\"https:\/\/schema.org\",\"@graph\":[{\"@type\":\"WebPage\",\"@id\":\"https:\/\/latinatek.com.mx\/website\/politica-de-calidad\/\",\"url\":\"https:\/\/latinatek.com.mx\/website\/politica-de-calidad\/\",\"name\":\"Politica de Calidad - Latinatek\",\"isPartOf\":{\"@id\":\"https:\/\/latinatek.com.mx\/website\/en\/#website\"},\"datePublished\":\"2020-06-16T15:12:26+00:00\",\"dateModified\":\"2020-06-16T15:12:28+00:00\",\"breadcrumb\":{\"@id\":\"https:\/\/latinatek.com.mx\/website\/politica-de-calidad\/#breadcrumb\"},\"inLanguage\":\"es\",\"potentialAction\":[{\"@type\":\"ReadAction\",\"target\":[\"https:\/\/latinatek.com.mx\/website\/politica-de-calidad\/\"]}]},{\"@type\":\"BreadcrumbList\",\"@id\":\"https:\/\/latinatek.com.mx\/website\/politica-de-calidad\/#breadcrumb\",\"itemListElement\":[{\"@type\":\"ListItem\",\"position\":1,\"name\":\"Home\",\"item\":\"https:\/\/latinatek.com.mx\/website\/home\/\"},{\"@type\":\"ListItem\",\"position\":2,\"name\":\"Politica de Calidad\"}]},{\"@type\":\"WebSite\",\"@id\":\"https:\/\/latinatek.com.mx\/website\/en\/#website\",\"url\":\"https:\/\/latinatek.com.mx\/website\/en\/\",\"name\":\"Latinatek\",\"description\":\"The partner of choice for the entrepreneur\",\"potentialAction\":[{\"@type\":\"SearchAction\",\"target\":{\"@type\":\"EntryPoint\",\"urlTemplate\":\"https:\/\/latinatek.com.mx\/website\/en\/?s={search_term_string}\"},\"query-input\":\"required name=search_term_string\"}],\"inLanguage\":\"es\"}]}<\/script>\n<!-- \/ Yoast SEO plugin. -->","yoast_head_json":{"title":"Politica de Calidad - Latinatek","robots":{"index":"index","follow":"follow","max-snippet":"max-snippet:-1","max-image-preview":"max-image-preview:large","max-video-preview":"max-video-preview:-1"},"canonical":"https:\/\/latinatek.com.mx\/website\/politica-de-calidad\/","og_locale":"es_ES","og_type":"article","og_title":"Politica de Calidad - Latinatek","og_description":"POL\u00cdTICA DE CALIDAD \u201cLATINATEK es una organizaci\u00f3n que ofrece desarrollar los Procesos de Manufactura de Ensambles Met\u00e1licos y Estampados para la Industria Metal Mec\u00e1nica, garantizando el cumplimiento de los requerimientos de los clientes, en calidad del producto, tiempo de entrega y precios competitivos, aplicando siempre la mejora continua, con personal competente y comprometido, cuidando el [&hellip;]","og_url":"https:\/\/latinatek.com.mx\/website\/politica-de-calidad\/","og_site_name":"Latinatek","article_modified_time":"2020-06-16T15:12:28+00:00","twitter_card":"summary_large_image","twitter_misc":{"Tiempo de lectura":"2 minutos"},"schema":{"@context":"https:\/\/schema.org","@graph":[{"@type":"WebPage","@id":"https:\/\/latinatek.com.mx\/website\/politica-de-calidad\/","url":"https:\/\/latinatek.com.mx\/website\/politica-de-calidad\/","name":"Politica de Calidad - Latinatek","isPartOf":{"@id":"https:\/\/latinatek.com.mx\/website\/en\/#website"},"datePublished":"2020-06-16T15:12:26+00:00","dateModified":"2020-06-16T15:12:28+00:00","breadcrumb":{"@id":"https:\/\/latinatek.com.mx\/website\/politica-de-calidad\/#breadcrumb"},"inLanguage":"es","potentialAction":[{"@type":"ReadAction","target":["https:\/\/latinatek.com.mx\/website\/politica-de-calidad\/"]}]},{"@type":"BreadcrumbList","@id":"https:\/\/latinatek.com.mx\/website\/politica-de-calidad\/#breadcrumb","itemListElement":[{"@type":"ListItem","position":1,"name":"Home","item":"https:\/\/latinatek.com.mx\/website\/home\/"},{"@type":"ListItem","position":2,"name":"Politica de Calidad"}]},{"@type":"WebSite","@id":"https:\/\/latinatek.com.mx\/website\/en\/#website","url":"https:\/\/latinatek.com.mx\/website\/en\/","name":"Latinatek","description":"The partner of choice for the entrepreneur","potentialAction":[{"@type":"SearchAction","target":{"@type":"EntryPoint","urlTemplate":"https:\/\/latinatek.com.mx\/website\/en\/?s={search_term_string}"},"query-input":"required name=search_term_string"}],"inLanguage":"es"}]}},"_links":{"self":[{"href":"https:\/\/latinatek.com.mx\/website\/wp-json\/wp\/v2\/pages\/5509"}],"collection":[{"href":"https:\/\/latinatek.com.mx\/website\/wp-json\/wp\/v2\/pages"}],"about":[{"href":"https:\/\/latinatek.com.mx\/website\/wp-json\/wp\/v2\/types\/page"}],"author":[{"embeddable":true,"href":"https:\/\/latinatek.com.mx\/website\/wp-json\/wp\/v2\/users\/3"}],"replies":[{"embeddable":true,"href":"https:\/\/latinatek.com.mx\/website\/wp-json\/wp\/v2\/comments?post=5509"}],"version-history":[{"count":2,"href":"https:\/\/latinatek.com.mx\/website\/wp-json\/wp\/v2\/pages\/5509\/revisions"}],"predecessor-version":[{"id":5729,"href":"https:\/\/latinatek.com.mx\/website\/wp-json\/wp\/v2\/pages\/5509\/revisions\/5729"}],"wp:attachment":[{"href":"https:\/\/latinatek.com.mx\/website\/wp-json\/wp\/v2\/media?parent=5509"}],"curies":[{"name":"wp","href":"https:\/\/api.w.org\/{rel}","templated":true}]}}